{"id":12,"date":"2016-02-27T08:40:04","date_gmt":"2016-02-27T08:40:04","guid":{"rendered":"http:\/\/test.kriesi.at\/enfold-cv\/?page_id=2"},"modified":"2026-03-13T17:08:55","modified_gmt":"2026-03-13T20:08:55","slug":"cv","status":"publish","type":"page","link":"https:\/\/novovision.com.ar\/novovision\/cv\/","title":{"rendered":"CV"},"content":{"rendered":"<\/div><\/div><\/div><!-- close content main div --><\/div><\/div><div id='av-layout-grid-1' class='av-layout-grid-container entry-content-wrapper main_color av-fixed-cells  container_wrap fullsize'   >\n<div class=\"flex_cell no_margin av_one_third   \" style='vertical-align:top; padding:3px 0px 0px 0px ; background-color:#a0cdd2; '><div class='flex_cell_inner' ><\/div><\/div><div class=\"flex_cell no_margin av_one_third   \" style='vertical-align:top; padding:3px 0px 0px 0px ; background-color:#88aeb3; '><div class='flex_cell_inner' ><\/div><\/div><div class=\"flex_cell no_margin av_one_third   \" style='vertical-align:top; padding:3px 0px 0px 0px ; background-color:#697e81; '><div class='flex_cell_inner' ><\/div><\/div>\n<\/div>\n<\/div><\/div><\/div><!-- close content main div --><\/div><\/div><div id='av_section_1' class='avia-section main_color avia-section-large avia-no-border-styling avia-bg-style-scroll  container_wrap fullsize'   ><div class='container' ><div class='template-page content  av-content-full alpha units'><div class='post-entry post-entry-type-page post-entry-12'><div class='entry-content-wrapper clearfix'>\n<div class='flex_column_table av-equal-height-column-flextable' style='margin-top:0px; margin-bottom:0px; '><div class=\"flex_column av_one_fifth  no_margin flex_column_table_cell av-equal-height-column av-align-middle first  \" style='padding:0px 20px 0px 0px ; border-radius:0px; '><div class='avia-image-container  av-styling- av-hover-grow  avia-align-left '  itemscope=\"itemscope\" itemtype=\"https:\/\/schema.org\/ImageObject\"  ><div class='avia-image-container-inner'><img class='avia_image ' src='https:\/\/novovision.com.ar\/novovision\/wp-content\/uploads\/2016\/02\/PHOTO-2021-04-06-22-recor.jpg' alt='' title='PHOTO-2021-04-06-22-recor'   itemprop=\"thumbnailUrl\"  \/><\/div><\/div><\/div><div class=\"flex_column av_two_fifth  no_margin flex_column_table_cell av-equal-height-column av-align-middle   \" style='padding:0px 20px 0px 0px ; border-radius:0px; '><div style='padding-bottom:0px;font-size:20px;' class='av-special-heading av-special-heading-h4  blockquote modern-quote   av-inherit-size'><h4 class='av-special-heading-tag'  itemprop=\"headline\"  >Dra. Mar\u00eda Ver\u00f3nica L\u00f3pez Fern\u00e1ndez<\/h4><div class ='av-subheading av-subheading_below ' style='font-size:15px;'><p>Medica Especialista en Oftalmolog\u00eda<br \/>\nBaja Visi\u00f3n y Rehabilitaci\u00f3n Visual<\/p>\n<p>Fellow in Low Vision Rehabilitation<br \/>\nHarvard University<\/p>\n<p>Jefa de Servicio de Baja Visi\u00f3n y Rehabilitaci\u00f3n Visual<br \/>\nHospital oftalmol\u00f3gico Santa Lucia<\/p>\n<p>Exdirectora de la Licenciatura en Rehabilitaci\u00f3n Visual<br \/>\nUniversidad Nacional de San Mart\u00edn<\/p>\n<p>Medica Oftalm\u00f3loga del Centro de atenci\u00f3n universitaria (CAU)<br \/>\nUniversidad Nacional de San Mart\u00edn<\/p>\n<p>Coordinadora de la Comisi\u00f3n de Baja Visi\u00f3n<br \/>\nConsejo Argentino de Oftalmolog\u00eda<\/p>\n<\/div><div class='special-heading-border'><div class='special-heading-inner-border' ><\/div><\/div><\/div><\/div><div class=\"flex_column av_one_third  no_margin flex_column_table_cell av-equal-height-column av-align-middle av-zero-column-padding   \" style='border-radius:0px; '><section class=\"av_textblock_section\"  itemscope=\"itemscope\" itemtype=\"https:\/\/schema.org\/CreativeWork\" ><div class='avia_textblock '  style='font-size:12px; '  itemprop=\"text\" ><p>Consultorio: Rodr\u00edguez Pe\u00f1a 2087, Piso 1 dto. \u201cC\u201d, (C1011) Cdad. Aut\u00f3noma de Buenos Aires<br \/>\nEmail: <a href=\"http:\/\/novovision.com.ar\/novovision\/contact\/\" target=\"_blank\" rel=\"noopener noreferrer\">mvlopezf@yahoo.com.ar<\/a><\/p>\n<p>Solicitar Turnos de lunes a viernes de 9 a 20 hs<\/p>\n<p>WhatsApp: (11) 5833-7755<\/p>\n<p>Web: <a href=\"http:\/\/www.novovision.com.ar\">www.novovision.com.ar<\/a><\/p>\n<\/div><\/section><\/div><div  class='hr hr-big '><span class='hr-inner ' ><span class='hr-inner-style'><\/span><\/span><\/div>\n<div class=\"flex_column av_one_third  flex_column_div av-zero-column-padding first  \" style='border-radius:0px; '><p><div style='height:1px; margin-top:-32px'  class='hr hr-invisible '><span class='hr-inner ' ><span class='hr-inner-style'><\/span><\/span><\/div><br \/>\n<div style='padding-bottom:0px;' class='av-special-heading av-special-heading-h2  blockquote modern-quote  '><h2 class='av-special-heading-tag'  itemprop=\"headline\"  >Formaci\u00f3n M\u00e9dica de Postgrado<\/h2><div class='special-heading-border'><div class='special-heading-inner-border' ><\/div><\/div><\/div><\/p><\/div><div class=\"flex_column av_two_third  av-animated-generic fade-in  flex_column_div av-zero-column-padding   \" style='border-radius:0px; '><section class=\"av_textblock_section\"  itemscope=\"itemscope\" itemtype=\"https:\/\/schema.org\/CreativeWork\" ><div class='avia_textblock '   itemprop=\"text\" ><p><em><b>Medica Especialista en Oftalmolog\u00eda\u00a0&#8211; Universidad de Buenos Aires- Ministerio de Salud de la Nacion<\/b><\/em><\/p>\n<p style=\"margin-top: 35px;\"><strong> M\u00e9dica Especialista Universitaria en Oftalmolog\u00eda &#8211; Universidad del Salvador<\/strong><\/p>\n<p style=\"margin-top: 35px;\"><b>Mag\u00edster en Oftalmolog\u00eda-Universidad Cat\u00f3lica\u00a0de Salta<\/b><\/p>\n<p style=\"margin-top: 35px;\"><strong>Research Fellowship in Low Vision Rehabilitation.<\/strong><\/p>\n<p>Massachusetts Eye and Ear Infirmary<\/p>\n<p>Harvard Medical School.<\/p>\n<p>Harvard University.\u00a0(USA)<\/p>\n<p style=\"margin-top: 35px;\"><strong>Observership in Low Vision<\/strong><strong>. Lions Low Vision and Research Center<\/strong><\/p>\n<p><em>Wilmer Eye Institute <\/em><\/p>\n<p><em>Johns Hopkins Hospital. <\/em><\/p>\n<p><em>Johns Hopkins University School of Medicine.(USA)<\/em><\/p>\n<\/div><\/section><\/div><div  class='hr hr-big '><span class='hr-inner ' ><span class='hr-inner-style'><\/span><\/span><\/div>\n<div class=\"flex_column av_one_third  flex_column_div av-zero-column-padding first  \" style='border-radius:0px; '><p><div style='height:1px; margin-top:-32px'  class='hr hr-invisible '><span class='hr-inner ' ><span class='hr-inner-style'><\/span><\/span><\/div><br \/>\n<div style='padding-bottom:0px;' class='av-special-heading av-special-heading-h2  blockquote modern-quote  '><h2 class='av-special-heading-tag'  itemprop=\"headline\"  >Antecedentes Laborales<\/h2><div class='special-heading-border'><div class='special-heading-inner-border' ><\/div><\/div><\/div><\/p><\/div><div class=\"flex_column av_two_third  av-animated-generic fade-in  flex_column_div av-zero-column-padding   \" style='border-radius:0px; '><section class=\"av_textblock_section\"  itemscope=\"itemscope\" itemtype=\"https:\/\/schema.org\/CreativeWork\" ><div class='avia_textblock '   itemprop=\"text\" ><p><strong><em>Coordinadora de la Comisi\u00f3n de Baja Visi\u00f3n<\/em><\/strong><\/p>\n<p>Consejo Argentino de Oftalmolog\u00eda<\/p>\n<p><strong>Study Coordinator <\/strong><\/p>\n<p style=\"margin-bottom: 35px; margin-top: -10px;\">Vision Rehabilitation Center. Massachusetts Eye and Ear Infirmary,Harvard Medical School, Harvard University.(Boston, MA ) USA<\/p>\n<p><strong>Study Coordinator<\/strong><\/p>\n<p style=\"margin-bottom: 35px; margin-top: -10px;\">Schepens Eye Research Institute. (Boston, MA)\u00a0 USA<\/p>\n<p><strong>Vocal Titular de Junta M\u00e9dica <\/strong><\/p>\n<p style=\"margin-bottom: 35px; margin-top: -10px;\">Servicio Nacional de Rehabilitaci\u00f3n y Promoci\u00f3n de la Persona con Discapacidad. Ministerio de Salud de la Naci\u00f3n.<\/p>\n<p><strong>Medica Consultora del Servicio de Discapacitados Visuales y Multimpedidos<\/strong><\/p>\n<p style=\"margin-bottom: 35px; margin-top: -10px;\">Hospital de Rehabilitaci\u00f3n Manuel A. Rocca- GCBA<\/p>\n<p><strong>Coordinadora M\u00e9dica del equipo de Rehabilitaci\u00f3n Visual<\/strong><\/p>\n<p style=\"margin-bottom: 35px; margin-top: -10px;\">Instituto Josefina C. de Bignone. (Vicente L\u00f3pez)<\/p>\n<p><strong>M\u00e9dica integrante de la Campa\u00f1a Nacional de Atenci\u00f3n Primaria en Oftalmolog\u00eda<\/strong><\/p>\n<p style=\"margin-bottom: 35px; margin-top: -10px;\">Programa Federal de Salud, Secretar\u00eda de Desarrollo y Acci\u00f3n Social de la Naci\u00f3n<\/p>\n<p><strong>M\u00e9dica Becaria Honoraria Adscripta<\/strong><\/p>\n<p style=\"margin-bottom: 35px; margin-top: -10px;\">Hospital Oftalmol\u00f3gico Santa Lucia<\/p>\n<p><strong>Medica Oftalm\u00f3loga<\/strong><\/p>\n<p style=\"margin-bottom: 35px; margin-top: -10px;\">Instituto Zaldivar<\/p>\n<\/div><\/section><\/div><div  class='hr hr-big '><span class='hr-inner ' ><span class='hr-inner-style'><\/span><\/span><\/div>\n<div class=\"flex_column av_one_third  flex_column_div av-zero-column-padding first  \" style='border-radius:0px; '><div style='padding-bottom:0px;' class='av-special-heading av-special-heading-h2  blockquote modern-quote  '><h2 class='av-special-heading-tag'  itemprop=\"headline\"  >ANTECEDENTES ACAD\u00c9MICOS en BAJA VISION y REHABILITACION VISUAL<\/h2><div class='special-heading-border'><div class='special-heading-inner-border' ><\/div><\/div><\/div><\/div><div class=\"flex_column av_two_third  av-animated-generic fade-in  flex_column_div av-zero-column-padding   \" style='border-radius:0px; '><section class=\"av_textblock_section\"  itemscope=\"itemscope\" itemtype=\"https:\/\/schema.org\/CreativeWork\" ><div class='avia_textblock '   itemprop=\"text\" ><ul>\n<li>Participante de la Campa\u00f1a Nacional de Rehabilitaci\u00f3n Visual. (2000)<\/li>\n<li>Disertante en Jornadas de Capacitaci\u00f3n en Discapacidad Visual en las provincias de C\u00f3rdoba, Chaco, La Rioja, Misiones, Formosa y Salta. Ministerio de Salud de la Naci\u00f3n.(2000-2001)<\/li>\n<li>Disertante en el X Encuentro Nacional de Estimuladoras Visuales. (2001)<\/li>\n<li>Disertante en \u00a8Trauma Conference\u00a8, Massachussets Eye and Ear Infirmary, Harvard Medical Sschool, Harvard University (Boston 2001)<\/li>\n<li>Disertante en el Case Conference Presentation. Vision Rehabilitation Center. Massachusetts Eye and Ear Infirmary, Harvard Medical School, Harvard University (Boston 2001)<\/li>\n<li>Disertante en Cursos de Capacitaci\u00f3n Oftalmol\u00f3gica. Hospital Oftalmol\u00f3gico Santa Lucia. (2001)<\/li>\n<li>Disertante en Curso de Uvea-V\u00edtreo-Retina. Hospital Austral (2001)<\/li>\n<li>Disertante en el 1\u00b0 Congreso Latinoamericano de Discapacidad en Pediatr\u00eda (2001)<\/li>\n<li>Disertante en el &#8220;Vision Rehabilitation Free Paper Session&#8221; Annual Meeting, American Academy of\u00a0 Ophthalmology (New Orleans 2001)<\/li>\n<li>Disertante en el II Congreso Internacional de la Sociedad Cubana de Medicina F\u00edsica y Rehabilitaci\u00f3n(CUBA 2002)<\/li>\n<li>Disertante en el 7th International Conference on Low Vision. (Goteborg, Suecia 2002)<\/li>\n<li>Coordinadora de la mesa redonda sobre Trabajo y Discapacidad. VII Congreso Internacional de Inclusi\u00f3n de Ni\u00f1os con Discapacidad. (San Luis 2002)<\/li>\n<li>Disertante en Curso de Uvea-V\u00edtreo-Retina. Hospital Austral (2003)<\/li>\n<li>Directora del Curso &#8220;Baja Visi\u00f3n&#8221;. XVII Congreso Argentino de Oftalmolog\u00eda (Rosario 2003)<\/li>\n<li>Disertante en Curso de Uvea-V\u00edtreo-Retina. Hospital Austral (2004)<\/li>\n<li>Disertante en Curso de Uvea-V\u00edtreo-Retina. Hospital Austral (2005)<\/li>\n<li>Disertante en el Congreso \u201cVision 2005 Conference on Low Vision\u201d (Londres 2005)<\/li>\n<li>Directora del Primer Curso de Baja Visi\u00f3n para Residentes en Oftalmolog\u00eda. IAPB.OPS. (Buenos Aires 2005)<\/li>\n<li>Disertante del Congreso Mundial de Oftalmolog\u00eda. (San Pablo 2006)<\/li>\n<li>Directora del curso \u201cBaja Visi\u00f3n\u201d.XVIII Congreso Argentino de Oftalmolog\u00eda. (Buenos Aires 2007)<\/li>\n<li>Disertante de la Mesa Redonda de Baja Visi\u00f3n. Jornadas Argentinas de Oftalmolog\u00eda, Consejo Argentina de Oftalmolog\u00eda. (CAO 2008)<\/li>\n<li>Disertante en el Simposio Baja visi\u00f3n\u201dDiez opciones cuando no hay nada que hacer\u201d. Jornadas Argentinas de Oftalmolog\u00eda, Consejo Argentina de Oftalmolog\u00eda. (CAO 2008)<\/li>\n<li>Directora del Curso \u00c1reas de rehabilitaci\u00f3n para conocimiento de todos los oftalm\u00f3logos. Curso Anual de Perfeccionamiento para Graduados, Consejo Argentina de Oftalmolog\u00eda. (CAO 2009)<\/li>\n<li>Disertante del Curso Examen B\u00e1sico de Baja Visi\u00f3n. Curso Anual de Perfeccionamiento para Graduados, Consejo Argentina de Oftalmolog\u00eda. (CAO 2009)<\/li>\n<li>Coordinadora del Simposio de Baja Visi\u00f3n en la Consulta Diaria. Jornadas Argentinas de Oftalmologia, Consejo Argentina de Oftalmolog\u00eda. (CAO 2010)<\/li>\n<li>Disertante del Simposio de Baja Visi\u00f3n en la Consulta Diaria. Jornadas Argentinas de Oftalmologia, Consejo Argentina de Oftalmolog\u00eda. (CAO 2010)<\/li>\n<li>Disertante del Simposio Baja Visi\u00f3n. Curso Anual de Perfeccionamiento para Graduados, Consejo Argentina de Oftalmolog\u00eda. (CAO 2011)<\/li>\n<li>Disertante de la Jornada en Celebracion del XL Aniversario de Asaerca-(2011)<\/li>\n<li>Disertante\u201d IV Jornadas Interdisciplinarias\u201d. Ministerio de Salud GCBA. (2012)<\/li>\n<li>Disertante Mesa Redonda\u201d Baja Visi\u00f3n Avanzado\u201d. Jornadas Argentinas de Oftalmolog\u00eda, Consejo Argentina de Oftalmolog\u00eda. (CAO 2012)<\/li>\n<li>Disertante del Simposio Baja Visi\u00f3n. Curso Anual de Perfeccionamiento para Graduados, Consejo Argentina de Oftalmolog\u00eda. (CAO 2013)<\/li>\n<li>Coordinadora de Simposio Baja Vision. (CAO 2014)<\/li>\n<li>Disertante en el XX Congreso Argentino de Oftalmologia (2015)<\/li>\n<li>Directora del Simposio de Baja Vision, en el XX Congreso Argentino de Oftalmologia (2015)<\/li>\n<li>Disertante Baja Vision : Abordaje multidisciplinadio. 2\u00b7 Jornada ASAC 2015<\/li>\n<li>Miembro del Consejo Argentino de Oftalmolog\u00eda<\/li>\n<li>Disertante en la I Jornada Nacional e Internacional de discapacidad. Servicio Nacional de Rehabilitaci\u00f3n y Promoci\u00f3n de la Persona con Discapacidad &#8211; 2016<\/li>\n<li>Disertante en el VIII Congreso Bienal de Glaucoma &#8211; 2016<\/li>\n<li>Disertante VII Bienal de Glaucoma: Aspectos Psicosociales de la Baja Vision. 2016<\/li>\n<li>Disertante Jornadas Nacionales e Internacionales de Discapacidad- SNR- Actualizacion en practicas en rehabilitaci\u00f3n de personas con baja visi\u00f3n.(2016)<\/li>\n<li>Disertante \u201cCasos Clinicos y su Rehabilitacion Visual\u201d. Jornadas del Consejo Argentino de Oftalmologia.( 2016)<\/li>\n<li>Disertante en Simposio de Retina. \u201cBaja Vision\u201d. Jornadas del Consejo Argentino de Oftalmologia.( 2016)<\/li>\n<li>Disertante Congreso Conjunto CAO-SAO 2017<\/li>\n<li>Disertante Congreso Latinoamericano de Oftalmolog\u00eda &#8211; Per\u00fa 2017<\/li>\n<li>Disertante en la II Jornada Nacional e Internacional de Discapacidad. \u00a0Servicio Nacional de Rehabilitaci\u00f3n y Promoci\u00f3n de la Persona con Discapacidad- 2017<\/li>\n<li>Disertante en el Simposio \u201cAtenci\u00f3n Integral para personas con discapacidad visual \u201cCongreso Conjunto de Oftalmolog\u00eda (2017)<\/li>\n<li>Disertante en el curso \u201cLa discapacidad visual y algo m\u00e1s, Rehabilitaci\u00f3n Neurol\u00f3gica. Congreso Conjunto de Oftalmolog\u00eda. (2018)<\/li>\n<li>Directora de Curso Antes y despu\u00e9s de la Rehabilitaci\u00f3n Visual. Hospital Oftalmol\u00f3gico Santa Lucia (2019)<\/li>\n<li>Disertante en el XXXIV Congreso Panamericano de Oftalmolog\u00eda. M\u00e9xico 2019<\/li>\n<li>Coordinadora Curso Virtual CCC- Consejo Argentino de Oftalmolog\u00eda- Ala altura de la Baja Visi\u00f3n. 2020<\/li>\n<li>Disertante Congreso Virtual SAO 100 A\u00f1os. \u201cUrgencias en Baja Visi\u00f3n en tiempos de Covid -19\u201d. 2020<\/li>\n<li>Directora de Baja Visi\u00f3n\u00a0del Curso Panamericano del Cono Sur. 2020<\/li>\n<li>Disertante en el 28 Congreso Peruano de Oftalmolog\u00eda. 2021<\/li>\n<li>Directora de curso Rehabilitaci\u00f3n\u00a0visual en pacientes con patolog\u00edas\u00a0graves en hospital publico. 2021<\/li>\n<li>Disertante Curso Glaucoma Extremo &#8221; Red Baja Visi\u00f3n&#8221;. 2021<\/li>\n<li>Directora del curso ABC. &#8220;Baja Visi\u00f3n&#8221; CAO. 2021<\/li>\n<li>Coordinadora del Simposio de Baja Visi\u00f3n, Congreso presencial CAO \u00a8&#8221;Reencuentro de la oftalmolog\u00eda&#8221;. 2021<\/li>\n<li>Disertante de la XII Jornada Boliviana de Oftalmolog\u00eda. 2021<\/li>\n<\/ul>\n<\/div><\/section><\/div><div  class='hr hr-big '><span class='hr-inner ' ><span class='hr-inner-style'><\/span><\/span><\/div>\n<div class=\"flex_column av_one_third  flex_column_div av-zero-column-padding first  \" style='border-radius:0px; '><p><div style='height:1px; margin-top:-28px'  class='hr hr-invisible '><span class='hr-inner ' ><span class='hr-inner-style'><\/span><\/span><\/div><br \/>\n<div style='padding-bottom:0px;' class='av-special-heading av-special-heading-h2  blockquote modern-quote  '><h2 class='av-special-heading-tag'  itemprop=\"headline\"  >TRABAJOS Y PUBLICACIONES CIENT\u00cdFICAS <\/h2><div class='special-heading-border'><div class='special-heading-inner-border' ><\/div><\/div><\/div><\/p><\/div><div class=\"flex_column av_two_third  av-animated-generic fade-in  flex_column_div av-zero-column-padding   \" style='border-radius:0px; '><section class=\"av_textblock_section\"  itemscope=\"itemscope\" itemtype=\"https:\/\/schema.org\/CreativeWork\" ><div class='avia_textblock '   itemprop=\"text\" ><ul>\n<li>P\u00f3ster Cient\u00edfico. &#8221; Coloboma de Papila&#8221; XV Congreso Argentino de Oftalmolog\u00eda, Sociedad Argentina de Oftalmolog\u00eda (Mendoza 1995)<\/li>\n<li>Adaptation to Monocular Vision\u00a8. Manual of Trauma Conference. Massachusetts Eye and Ear Infirmary. Harvard Medical School. Harvard University (2001)<\/li>\n<li>Assessing Outcomes of Low Vision Rehabilitation with the NEI-VFQ-25. (2001-2003)<\/li>\n<li>Adaptation to Monocular Vision. Int Ophthalmol Clin. 2002 Summer; 42(3):203-13<\/li>\n<li>P\u00f3ster Cient\u00edfico &#8221; Assessment of and Argentine\u00a0 population during the year 2000&#8243; (Suecia 2002)<\/li>\n<li>Rehabilitaci\u00f3n Visual para una mejor calidad de vida. Otra Mirada. A\u00f1o 3-N\u00b03-2012<\/li>\n<li>Boletin VISION 2020- BAJA VISION- Alteraciones de la Visi\u00f3n Binocular en Degeneraci\u00f3n Macular Relacionada con la\u00a0Edad. 2013<\/li>\n<li>Caracteristicas de una muestra de pacientes con Discapacidad Visual. Oftalmonews.2015.A\u00f1o2-N\u00aa5;20-23<\/li>\n<li>P\u00f3ster Cient\u00edficos \u2013 Baja Visi\u00f3n &#8211; Congreso Conjunto CAO-SAO 2017<\/li>\n<li>Baja Vision: como abordarla en la practica diaria. Revista MO 2020.03 &#8211; Septiembre 2020. Pag 48-50.\u00a0Published on Sep 15, 2020<\/li>\n<li>Co- Autora del libro \u201cOftalmolog\u00eda para M\u00e9dicos y Estudiantes de Medicina\u201d.\u00a0Odoriz, Gallo, Piantoni y Casiraghi-1 a. ed- Buenos Aires:\u00a0 Ediciones del CAO, 2021<\/li>\n<\/ul>\n<\/div><\/section><\/div><div  class='hr hr-big '><span class='hr-inner ' ><span class='hr-inner-style'><\/span><\/span><\/div>\n<div class=\"flex_column av_one_third  flex_column_div av-zero-column-padding first  \" style='border-radius:0px; '><p><div style='height:1px; margin-top:-32px'  class='hr hr-invisible '><span class='hr-inner ' ><span class='hr-inner-style'><\/span><\/span><\/div><br \/>\n<div style='padding-bottom:0px;' class='av-special-heading av-special-heading-h2  blockquote modern-quote  '><h2 class='av-special-heading-tag'  itemprop=\"headline\"  >BECAS<\/h2><div class='special-heading-border'><div class='special-heading-inner-border' ><\/div><\/div><\/div><\/p><\/div><div class=\"flex_column av_two_third  av-animated-generic fade-in  flex_column_div av-zero-column-padding   \" style='border-radius:0px; '><section class=\"av_textblock_section\"  itemscope=\"itemscope\" itemtype=\"https:\/\/schema.org\/CreativeWork\" ><div class='avia_textblock '   itemprop=\"text\" ><p><strong>1999-\u00a0 Beca de Especializaci\u00f3n en Rehabilitaci\u00f3n Visual.<\/strong><br \/>\n<em>Consejo Argentino de Oftalmolog\u00eda.<\/em><\/p>\n<p><em>\u00a0<\/em><\/p>\n<p><strong><em>2002- <\/em>Beca\u00a0 Epidemiolog\u00eda en Rehabilitaci\u00f3n Visual.<\/strong><br \/>\n<em>Comit\u00e9 Organizador de la 7 Conferencia Internacional en Baja Visi\u00f3n. Gobierno de Suecia.<\/em><\/p>\n<\/div><\/section><\/div><div  class='hr hr-big '><span class='hr-inner ' ><span class='hr-inner-style'><\/span><\/span><\/div>\n<div class=\"flex_column av_one_third  flex_column_div av-zero-column-padding first  \" style='border-radius:0px; '><p><div style='height:1px; margin-top:-28px'  class='hr hr-invisible '><span class='hr-inner ' ><span class='hr-inner-style'><\/span><\/span><\/div><br \/>\n<div style='padding-bottom:0px;' class='av-special-heading av-special-heading-h2  blockquote modern-quote  '><h2 class='av-special-heading-tag'  itemprop=\"headline\"  >PREMIOS<\/h2><div class='special-heading-border'><div class='special-heading-inner-border' ><\/div><\/div><\/div><\/p><\/div><div class=\"flex_column av_two_third  av-animated-generic fade-in  flex_column_div av-zero-column-padding   \" style='border-radius:0px; '><section class=\"av_textblock_section\"  itemscope=\"itemscope\" itemtype=\"https:\/\/schema.org\/CreativeWork\" ><div class='avia_textblock '   itemprop=\"text\" ><p><strong>2015-\u00a8Premio Dr. G\u00f3mez Morales\u201d- Grupo de Trabajo Baja Visi\u00f3n<\/strong><br \/>\n<em>Hospital Oftalmol\u00f3gico Santa Lucia-Buenos Aires- Argentina<\/em><\/p>\n<p><strong>2018- &#8220;Premio Roberts&#8221;\u00a0<\/strong><br \/>\nHospital Oftalmol\u00f3gico\u00a0Santa Lucia- Buenos Aires- Argentina<\/p>\n<\/div><\/section><\/div><div  class='hr hr-big '><span class='hr-inner ' ><span class='hr-inner-style'><\/span><\/span><\/div>\n\n","protected":false},"excerpt":{"rendered":"","protected":false},"author":1,"featured_media":0,"parent":0,"menu_order":0,"comment_status":"closed","ping_status":"open","template":"","meta":{"footnotes":""},"class_list":["post-12","page","type-page","status-publish","hentry"],"_links":{"self":[{"href":"https:\/\/novovision.com.ar\/novovision\/wp-json\/wp\/v2\/pages\/12","targetHints":{"allow":["GET"]}}],"collection":[{"href":"https:\/\/novovision.com.ar\/novovision\/wp-json\/wp\/v2\/pages"}],"about":[{"href":"https:\/\/novovision.com.ar\/novovision\/wp-json\/wp\/v2\/types\/page"}],"author":[{"embeddable":true,"href":"https:\/\/novovision.com.ar\/novovision\/wp-json\/wp\/v2\/users\/1"}],"replies":[{"embeddable":true,"href":"https:\/\/novovision.com.ar\/novovision\/wp-json\/wp\/v2\/comments?post=12"}],"version-history":[{"count":54,"href":"https:\/\/novovision.com.ar\/novovision\/wp-json\/wp\/v2\/pages\/12\/revisions"}],"predecessor-version":[{"id":2175,"href":"https:\/\/novovision.com.ar\/novovision\/wp-json\/wp\/v2\/pages\/12\/revisions\/2175"}],"wp:attachment":[{"href":"https:\/\/novovision.com.ar\/novovision\/wp-json\/wp\/v2\/media?parent=12"}],"curies":[{"name":"wp","href":"https:\/\/api.w.org\/{rel}","templated":true}]}}