{"id":1300,"date":"2018-03-12T09:48:10","date_gmt":"2018-03-12T12:48:10","guid":{"rendered":"http:\/\/novovision.com.ar\/novovision\/?page_id=1300"},"modified":"2026-03-13T17:07:17","modified_gmt":"2026-03-13T20:07:17","slug":"inicio","status":"publish","type":"page","link":"https:\/\/novovision.com.ar\/novovision\/","title":{"rendered":"Inicio"},"content":{"rendered":"<\/div><\/div><\/div><!-- close content main div --><\/div><\/div><div id='av_section_1' class='avia-section main_color avia-section-no-padding avia-no-border-styling avia-bg-style-scroll  container_wrap fullsize'   ><div class='container' ><div class='template-page content  av-content-full alpha units'><div class='post-entry post-entry-type-page post-entry-1300'><div class='entry-content-wrapper clearfix'>\n<div class='flex_column_table av-equal-height-column-flextable' ><div class=\"flex_column av_three_fifth  no_margin flex_column_table_cell av-equal-height-column av-align-top first  \" style='padding:0px 40px 0px 40px ; background-color:#5fb4e4; border-radius:0px; '><section class=\"av_textblock_section\"  itemscope=\"itemscope\" itemtype=\"https:\/\/schema.org\/CreativeWork\" ><div class='avia_textblock  av_inherit_color'  style='color:#ffffff; '  itemprop=\"text\" ><style>.titulo { -webkit-border-radius: 30px;-moz-border-radius: 30px;border-radius: 30px;background-color: #2388c2; list-style: none;float: left; height:60px;} h4 {padding: 15px; text-align: center;}  li {margin-bottom: 50px;} ul { margin-left: 20px; }<\/style>\n<div>\n<ul>\n<li class=\"titulo\">\n<h4><strong>OFTALMOLOG\u00cdA<\/strong><\/h4>\n<\/li>\n<li class=\"titulo\">\n<h4><strong>BAJA VISI\u00d3N <\/strong><\/h4>\n<\/li>\n<li class=\"titulo\">\n<h4 style=\"margin-top: -4px;\"><strong>REHABILITACI\u00d3N<br \/>\nvisual <\/strong><\/h4>\n<\/li>\n<\/ul>\n<\/div>\n<\/div><\/section><br \/>\n<div  data-size='no scaling'  data-lightbox_size='large'  data-animation='slide'  data-ids='1362,1364,1438,1440,1450,1448'  data-video_counter='0'  data-autoplay='true'  data-bg_slider='false'  data-slide_height=''  data-handle='av_slideshow'  data-interval='5'  data-class=''  data-css_id=''  data-scroll_down=''  data-control_layout='av-control-default'  data-custom_markup=''  data-perma_caption=''  data-autoplay_stopper=''  data-image_attachment=''  data-min_height='0px'  class='avia-slideshow avia-slideshow-1  av-control-default av-default-height-applied avia-slideshow-no scaling av_slideshow  avia-slide-slider '  itemscope=\"itemscope\" itemtype=\"https:\/\/schema.org\/ImageObject\" ><ul class='avia-slideshow-inner' style='padding-bottom: 59.625%;'><li  class=' slide-1 ' ><div data-rel='slideshow-1' class='avia-slide-wrap'  ><img src='https:\/\/novovision.com.ar\/novovision\/wp-content\/uploads\/2018\/03\/novo_slidre_1_800x477.jpg' width='800' height='477' title='novo_slidre_1_800x477' alt=''  itemprop=\"thumbnailUrl\"   \/><\/div><\/li><li  class=' slide-2 ' ><div data-rel='slideshow-1' class='avia-slide-wrap'  ><img src='https:\/\/novovision.com.ar\/novovision\/wp-content\/uploads\/2018\/03\/novo_slider_2_800x477.jpg' width='800' height='477' title='novo_slider_2_800x477' alt=''  itemprop=\"thumbnailUrl\"   \/><\/div><\/li><li  class=' slide-3 ' ><div data-rel='slideshow-1' class='avia-slide-wrap'  ><img src='https:\/\/novovision.com.ar\/novovision\/wp-content\/uploads\/2018\/03\/novo_slider_3_800x477.jpg' width='800' height='477' title='novo_slider_3_800x477' alt=''  itemprop=\"thumbnailUrl\"   \/><\/div><\/li><li  class=' slide-4 ' ><div data-rel='slideshow-1' class='avia-slide-wrap'  ><img src='https:\/\/novovision.com.ar\/novovision\/wp-content\/uploads\/2018\/03\/novo_slidre_4_800x477.jpg' width='799' height='477' title='novo_slidre_4_800x477' alt=''  itemprop=\"thumbnailUrl\"   \/><\/div><\/li><li  class=' slide-5 ' ><div data-rel='slideshow-1' class='avia-slide-wrap'  ><img src='https:\/\/novovision.com.ar\/novovision\/wp-content\/uploads\/2018\/03\/novo_slidre_6_800x477.jpg' width='799' height='477' title='novo_slidre_6_800x477' alt=''  itemprop=\"thumbnailUrl\"   \/><\/div><\/li><li  class=' slide-6 ' ><div data-rel='slideshow-1' class='avia-slide-wrap'  ><img src='https:\/\/novovision.com.ar\/novovision\/wp-content\/uploads\/2018\/03\/novo_slidre_5_800x477-1.jpg' width='799' height='476' title='novo_slidre_5_800x477' alt=''  itemprop=\"thumbnailUrl\"   \/><\/div><\/li><\/ul><div class='avia-slideshow-arrows avia-slideshow-controls'><a href='#prev' class='prev-slide' aria-hidden='true' data-av_icon='\ue87c' data-av_iconfont='entypo-fontello'>Previous<\/a><a href='#next' class='next-slide' aria-hidden='true' data-av_icon='\ue87d' data-av_iconfont='entypo-fontello'>Next<\/a><\/div><div class='avia-slideshow-dots avia-slideshow-controls'><a href='#1' class='goto-slide active' >1<\/a><a href='#2' class='goto-slide ' >2<\/a><a href='#3' class='goto-slide ' >3<\/a><a href='#4' class='goto-slide ' >4<\/a><a href='#5' class='goto-slide ' >5<\/a><a href='#6' class='goto-slide ' >6<\/a><\/div><\/div><br \/>\n<section class=\"av_textblock_section\"  itemscope=\"itemscope\" itemtype=\"https:\/\/schema.org\/CreativeWork\" ><div class='avia_textblock  av_inherit_color'  style='font-size:22px; color:#ffffff; '  itemprop=\"text\" ><p><strong><em>La optimizaci\u00f3n funcional de la visi\u00f3n permite que los ni\u00f1os y j\u00f3venes puedan estudiar, que los adultos puedan trabajar y que las personas mayores puedan TENER UNA MEJOR CALIDAD DE VIDA<\/em><\/strong><\/p>\n<\/div><\/section><br \/>\n<div style='padding-bottom:10px;color:#ffffff;' class='av-special-heading av-special-heading-h3 custom-color-heading   '><h3 class='av-special-heading-tag'  itemprop=\"headline\"  >Equipo Multidisciplinario<\/h3><div class='special-heading-border'><div class='special-heading-inner-border' style='border-color:#ffffff'><\/div><\/div><\/div><br \/>\n<div class=\"tabcontainer  sidebar_tab sidebar_tab_left border_tabs \">\n\n<section class=\"av_tab_section\"  itemscope=\"itemscope\" itemtype=\"https:\/\/schema.org\/CreativeWork\" >    <div data-fake-id=\"#tab-id-1\" class=\"tab active_tab\"  itemprop=\"headline\" >M\u00e9dico Oftalm\u00f3logo especialista en Baja Vision<\/div>\n    <div id=\"tab-id-1-container\" class=\"tab_content active_tab_content\">\n        <div class=\"tab_inner_content invers-color\"  itemprop=\"text\" >\n<p>La funci\u00f3n \u00a0ser\u00e1 la evaluaci\u00f3n de trastorno funcional y de la funci\u00f3n visual residual a trav\u00e9s del examen cl\u00ednico y estudios complementarios. Asimismo realizar\u00e1 pruebas especificas con ayudas visuales de \u00faltima generaci\u00f3n para lograr maximizar la visi\u00f3n del paciente. Luego de los tratamientos correspondientes seg\u00fan cada caso, realizar\u00e1 las indicaciones y prescripciones correspondientes.<\/p>\n\n        <\/div>\n    <\/div>\n<\/section>\n\n<section class=\"av_tab_section\"  itemscope=\"itemscope\" itemtype=\"https:\/\/schema.org\/CreativeWork\" >    <div data-fake-id=\"#tab-id-2\" class=\"tab \"  itemprop=\"headline\" >Rehabilitador Visual<\/div>\n    <div id=\"tab-id-2-container\" class=\"tab_content \">\n        <div class=\"tab_inner_content invers-color\"  itemprop=\"text\" >\n<p>Su funci\u00f3n ser\u00e1 aplicar las t\u00e9cnicas especificas para el uso de las ayudas visuales, la ejercitaci\u00f3n adecuada, \u00a0el entrenamiento en orientaci\u00f3n y movilidad y actividades de la vida diaria.<\/p>\n\n        <\/div>\n    <\/div>\n<\/section>\n\n<section class=\"av_tab_section\"  itemscope=\"itemscope\" itemtype=\"https:\/\/schema.org\/CreativeWork\" >    <div data-fake-id=\"#tab-id-3\" class=\"tab \"  itemprop=\"headline\" >T\u00e9cnico en \u00f3ptica<\/div>\n    <div id=\"tab-id-3-container\" class=\"tab_content \">\n        <div class=\"tab_inner_content invers-color\"  itemprop=\"text\" >\n<p>Realizara las ayudas \u00f3pticas con la indicaci\u00f3n especifica para cada paciente, seg\u00fan la prescripci\u00f3n del oftalm\u00f3logo especialista en Baja Visi\u00f3n<\/p>\n<p><em>\u00a0<\/em><\/p>\n\n        <\/div>\n    <\/div>\n<\/section>\n\n<section class=\"av_tab_section\"  itemscope=\"itemscope\" itemtype=\"https:\/\/schema.org\/CreativeWork\" >    <div data-fake-id=\"#tab-id-4\" class=\"tab \"  itemprop=\"headline\" >Lic. en Psicolog\u00eda<\/div>\n    <div id=\"tab-id-4-container\" class=\"tab_content \">\n        <div class=\"tab_inner_content invers-color\"  itemprop=\"text\" >\n<p>Su intervenci\u00f3n posibilitara el aprendizaje e incorporaci\u00f3n de las t\u00e9cnicas de rehabilitaci\u00f3n a trav\u00e9s de la aceptaci\u00f3n de una nueva condici\u00f3n visual que posibilitaran su independencia y reinsersi\u00f3n socio-familiar.<\/p>\n\n        <\/div>\n    <\/div>\n<\/section>\n\n<\/div>\n<\/p><\/div><div class=\"flex_column av_two_fifth  no_margin flex_column_table_cell av-equal-height-column av-align-top   \" style='padding:40px 40px 10px 40px ; background-color:#2388c2; border-radius:0px; '><p><div  data-size='featured'  data-lightbox_size='large'  data-animation='slide'  data-ids='1126'  data-video_counter='0'  data-autoplay='false'  data-bg_slider='false'  data-slide_height=''  data-handle='av_slideshow'  data-interval='5'  data-class=''  data-css_id=''  data-scroll_down=''  data-control_layout='av-control-default'  data-custom_markup=''  data-perma_caption=''  data-autoplay_stopper=''  data-image_attachment=''  data-min_height='0px'  data-default-height='28.666666666667'  class='avia-slideshow avia-slideshow-2  av-control-default av-default-height-applied avia-slideshow-featured av_slideshow  avia-slide-slider '  itemscope=\"itemscope\" itemtype=\"https:\/\/schema.org\/ImageObject\" ><ul class='avia-slideshow-inner' style='padding-bottom: 28.666666666667%;'><li  class=' av-single-slide slide-1 ' ><div data-rel='slideshow-2' class='avia-slide-wrap'  ><img src='https:\/\/novovision.com.ar\/novovision\/wp-content\/uploads\/2017\/08\/foto_protada-1500x430.jpg' width='1500' height='430' title='foto_protada' alt=''  itemprop=\"thumbnailUrl\"   \/><\/div><\/li><\/ul><\/div><br \/>\n<section class=\"av_textblock_section\"  itemscope=\"itemscope\" itemtype=\"https:\/\/schema.org\/CreativeWork\" ><div class='avia_textblock  av_inherit_color'  style='font-size:14px; color:#ffffff; '  itemprop=\"text\" ><h4 style=\"text-align: center;\"><em>Dra. Mar\u00eda Ver\u00f3nica L\u00f3pez Fern\u00e1ndez<\/em><\/h4>\n<ul>\n<li><em>Medica Especialista en Oftalmolog\u00eda<br \/>\nUniversidad de Buenos Aires<\/em><\/li>\n<li><em>Fellow in Low Vision Rehabilitation \u2013 Massachusetts Eye and Ear Infirmary<br \/>\nHarvard University<\/em><\/li>\n<li style=\"text-align: left;\"><em>Jefa del Servicio de Baja Visi\u00f3n y Rehabilitaci\u00f3n Visual.<br \/>\nHospital Oftalmol\u00f3gico Santa Lucia.<\/em><\/li>\n<\/ul>\n<ul>\n<li><em>Coordinadora de la <\/em><em>Comisi\u00f3n<\/em><em><span style=\"font-style: inherit; font-weight: inherit;\">de Baja <\/span><\/em><em>Visi\u00f3n<\/em><em><span style=\"font-style: inherit; font-weight: inherit;\">. Consejo Argentino de\u00a0<\/span><\/em><em>Oftalmolog\u00eda<\/em><\/li>\n<li>M\u00e9dica Oftalm\u00f3loga del Centro Asistencia Universitario. Universidad Nacional de San Mart\u00edn ( UNSAM)<\/li>\n<\/ul>\n<\/div><\/section><br \/>\n<div class='avia-button-wrap avia-button-center '><a href='https:\/\/novovision.com.ar\/novovision\/cv\/' class='avia-button  avia-icon_select-no avia-color-light avia-size-small avia-position-center '   ><span class='avia_iconbox_title' >Curriculum Vitae<\/span><\/a><\/div><br \/>\n<section class=\"av_textblock_section\"  itemscope=\"itemscope\" itemtype=\"https:\/\/schema.org\/CreativeWork\" ><div class='avia_textblock  av_inherit_color'  style='font-size:11px; color:#ffffff; '  itemprop=\"text\" ><div style=\"background-color: #5fb4e4; color: #ffffff; padding: 10px; margin-top: 10px;\">\n<h4 style=\"text-align: center;\"><em>Consultorio<\/em><\/h4>\n<p style=\"margin-bottom: 0px; text-align: center;\">Rodr\u00edguez Pe\u00f1a 2087, Piso 1 dto. \u201cC\u201d<\/p>\n<p style=\"text-align: center;\">(C1011) Cdad. Aut\u00f3noma de Buenos Aires<\/p>\n<p style=\"text-align: center;\">SOLICITAR Turnos\u00a0 de lunes a viernes de 9 a 20 hs<\/p>\n<p style=\"text-align: center;\">WhatsApp: (11) 5833-7755<\/p>\n<\/div>\n<div id=\"gtx-trans\" style=\"position: absolute; left: 709px; top: 141.222px;\"><\/div>\n<\/div><\/section><br \/>\n<div class='avia-button-wrap avia-button-center '><a href='https:\/\/novovision.com.ar\/novovision\/contact\/' class='avia-button  avia-icon_select-no avia-color-light avia-size-small avia-position-center '   ><span class='avia_iconbox_title' >Contacto<\/span><\/a><\/div><\/p><\/div><\/div><!--close column table wrapper. Autoclose:  --><div class=\"flex_column av_one_full  av-animated-generic bottom-to-top  flex_column_div av-zero-column-padding first  \" style='border-radius:0px; '><p><div style='padding-bottom:20px;font-size:34px;' class='av-special-heading av-special-heading-h3  blockquote modern-quote modern-centered   av-inherit-size'><div class ='av-subheading av-subheading_above ' style='font-size:15px;'><p>Baja visi\u00f3n<\/p>\n<\/div><h3 class='av-special-heading-tag'  itemprop=\"headline\"  >Novedades<\/h3><div class='special-heading-border'><div class='special-heading-inner-border' ><\/div><\/div><\/div><br \/>\n<div  data-autoplay='1'  data-interval='5'  data-animation='fade'  data-show_slide_delay='90'  class='avia-content-slider avia-content-slider-active avia-content-slider1 avia-content-slider-odd '  itemscope=\"itemscope\" itemtype=\"https:\/\/schema.org\/Blog\" ><div class='avia-content-slider-inner'><div class='slide-entry-wrap'><article class='slide-entry flex_column  post-entry post-entry-1756 slide-entry-overview slide-loop-1 slide-parity-odd  av_one_third first real-thumbnail'  itemscope=\"itemscope\" itemtype=\"https:\/\/schema.org\/BlogPosting\" itemprop=\"blogPost\" ><a href='https:\/\/novovision.com.ar\/novovision\/2022\/02\/11\/avances-en-la-baja-vision\/' data-rel='slide-1' class='slide-image' title=''><img loading=\"lazy\" decoding=\"async\" width=\"210\" height=\"178\" src=\"https:\/\/novovision.com.ar\/novovision\/wp-content\/uploads\/2022\/02\/Imagen2.jpg\" class=\"attachment-portfolio size-portfolio wp-post-image\" alt=\"\" \/><\/a><div class='slide-content'><header class=\"entry-content-header\"><span class=\"blog-categories minor-meta\"><a href=\"https:\/\/novovision.com.ar\/novovision\/category\/bajavision\/\" rel=\"tag\">Baja visi\u00f3n<\/a> <\/span><h3 class='slide-entry-title entry-title'  itemprop=\"headline\" ><a href='https:\/\/novovision.com.ar\/novovision\/2022\/02\/11\/avances-en-la-baja-vision\/' title='Avances en baja visi\u00f3n'>Avances en baja visi\u00f3n<\/a><\/h3><span class=\"av-vertical-delimiter\"><\/span><\/header><div class='slide-entry-excerpt entry-content'  itemprop=\"text\" >En los \u00faltimos a\u00f1os se ha visto un tremendo crecimiento en la tecnolog\u00eda de adaptaci\u00f3n. En los tel\u00e9fonos m\u00f3viles y en las computadoras personales hay numerosas aplicaciones nuevas que pueden complementar el uso de los dispositivos convencionales\u2026<\/div><\/div><footer class=\"entry-footer\"><div class='slide-meta'><time class='slide-meta-time updated'  itemprop=\"datePublished\" datetime=\"2022-02-11T18:27:17-03:00\" >11 febrero, 2022<\/time><\/div><\/footer><span class='hidden'>\n\t\t\t<span class='av-structured-data'  itemscope=\"itemscope\" itemtype=\"https:\/\/schema.org\/ImageObject\"  itemprop='image'>\n\t\t\t\t\t   <span itemprop='url' >https:\/\/novovision.com.ar\/novovision\/wp-content\/uploads\/2022\/02\/Imagen2.jpg<\/span>\n\t\t\t\t\t   <span itemprop='height' >178<\/span>\n\t\t\t\t\t   <span itemprop='width' >210<\/span>\n\t\t\t\t  <\/span><span class='av-structured-data'  itemprop=\"publisher\" itemtype=\"https:\/\/schema.org\/Organization\" itemscope=\"itemscope\" >\n\t\t\t\t<span itemprop='name'>novovision<\/span>\n\t\t\t\t<span itemprop='logo' itemscope itemtype='http:\/\/schema.org\/ImageObject'>\n\t\t\t\t   <span itemprop='url'>http:\/\/novovision.com.ar\/novovision\/wp-content\/uploads\/2017\/04\/logo-novovision-160606-300x173.jpg<\/span>\n\t\t\t\t <\/span>\n\t\t\t  <\/span><span class='av-structured-data'  itemprop=\"author\" itemscope=\"itemscope\" itemtype=\"https:\/\/schema.org\/Person\" ><span itemprop='name'>novovision<\/span><\/span><span class='av-structured-data'  itemprop=\"datePublished\" datetime=\"2015-02-12T18:49:48-03:00\" >2022-02-11 18:27:17<\/span><span class='av-structured-data'  itemprop=\"dateModified\" itemtype=\"https:\/\/schema.org\/dateModified\" >2022-02-11 19:32:29<\/span><span class='av-structured-data'  itemprop=\"mainEntityOfPage\" itemtype=\"https:\/\/schema.org\/mainEntityOfPage\" ><span itemprop='name'>Avances en baja visi\u00f3n<\/span><\/span><\/span><\/article><article class='slide-entry flex_column  post-entry post-entry-926 slide-entry-overview slide-loop-2 slide-parity-even  av_one_third  real-thumbnail'  itemscope=\"itemscope\" itemtype=\"https:\/\/schema.org\/BlogPosting\" itemprop=\"blogPost\" ><a href='https:\/\/novovision.com.ar\/novovision\/2016\/07\/15\/a-nice-post-2\/' data-rel='slide-1' class='slide-image' title=''><img loading=\"lazy\" decoding=\"async\" width=\"495\" height=\"315\" src=\"https:\/\/novovision.com.ar\/novovision\/wp-content\/uploads\/2016\/07\/bastonverde1-495x315.jpg\" class=\"attachment-portfolio size-portfolio wp-post-image\" alt=\"\" \/><\/a><div class='slide-content'><header class=\"entry-content-header\"><span class=\"blog-categories minor-meta\"><a href=\"https:\/\/novovision.com.ar\/novovision\/category\/bajavision\/\" rel=\"tag\">Baja visi\u00f3n<\/a> <\/span><h3 class='slide-entry-title entry-title'  itemprop=\"headline\" ><a href='https:\/\/novovision.com.ar\/novovision\/2016\/07\/15\/a-nice-post-2\/' title='D\u00eda del Bast\u00f3n  Verde'>D\u00eda del Bast\u00f3n  Verde<\/a><\/h3><span class=\"av-vertical-delimiter\"><\/span><\/header><div class='slide-entry-excerpt entry-content'  itemprop=\"text\" >Ley 25.682\r\n26 de Septiembre\r\n&nbsp;\r\n\r\nEl Servicio de Baja Visi\u00f3n de Hospital Oftalmol\u00f3gico Santa Luc\u00eda\u00a0organiza la actividad de difusi\u00f3n del uso del bast\u00f3n verde para personas con Baja Visi\u00f3n.\r\n\r\nLa misma tiene como objeto dar a conocer\u2026<\/div><\/div><footer class=\"entry-footer\"><div class='slide-meta'><time class='slide-meta-time updated'  itemprop=\"datePublished\" datetime=\"2016-07-15T13:46:12-03:00\" >15 julio, 2016<\/time><\/div><\/footer><span class='hidden'>\n\t\t\t<span class='av-structured-data'  itemscope=\"itemscope\" itemtype=\"https:\/\/schema.org\/ImageObject\"  itemprop='image'>\n\t\t\t\t\t   <span itemprop='url' >https:\/\/novovision.com.ar\/novovision\/wp-content\/uploads\/2016\/07\/bastonverde1.jpg<\/span>\n\t\t\t\t\t   <span itemprop='height' >315<\/span>\n\t\t\t\t\t   <span itemprop='width' >600<\/span>\n\t\t\t\t  <\/span><span class='av-structured-data'  itemprop=\"publisher\" itemtype=\"https:\/\/schema.org\/Organization\" itemscope=\"itemscope\" >\n\t\t\t\t<span itemprop='name'>novovision<\/span>\n\t\t\t\t<span itemprop='logo' itemscope itemtype='http:\/\/schema.org\/ImageObject'>\n\t\t\t\t   <span itemprop='url'>http:\/\/novovision.com.ar\/novovision\/wp-content\/uploads\/2017\/04\/logo-novovision-160606-300x173.jpg<\/span>\n\t\t\t\t <\/span>\n\t\t\t  <\/span><span class='av-structured-data'  itemprop=\"author\" itemscope=\"itemscope\" itemtype=\"https:\/\/schema.org\/Person\" ><span itemprop='name'>novovision<\/span><\/span><span class='av-structured-data'  itemprop=\"datePublished\" datetime=\"2015-02-12T18:49:48-03:00\" >2016-07-15 13:46:12<\/span><span class='av-structured-data'  itemprop=\"dateModified\" itemtype=\"https:\/\/schema.org\/dateModified\" >2022-02-11 13:06:27<\/span><span class='av-structured-data'  itemprop=\"mainEntityOfPage\" itemtype=\"https:\/\/schema.org\/mainEntityOfPage\" ><span itemprop='name'>D\u00eda del Bast\u00f3n  Verde<\/span><\/span><\/span><\/article><article class='slide-entry flex_column  post-entry post-entry-157 slide-entry-overview slide-loop-3 slide-parity-odd  post-entry-last  av_one_third  real-thumbnail'  itemscope=\"itemscope\" itemtype=\"https:\/\/schema.org\/BlogPosting\" itemprop=\"blogPost\" ><a href='https:\/\/novovision.com.ar\/novovision\/2015\/02\/12\/entry-without-preview-image\/' data-rel='slide-1' class='slide-image' title=''><img loading=\"lazy\" decoding=\"async\" width=\"384\" height=\"378\" src=\"https:\/\/novovision.com.ar\/novovision\/wp-content\/uploads\/2015\/02\/diamundialdelavision1.jpg\" class=\"attachment-portfolio size-portfolio wp-post-image\" alt=\"\" srcset=\"https:\/\/novovision.com.ar\/novovision\/wp-content\/uploads\/2015\/02\/diamundialdelavision1.jpg 384w, https:\/\/novovision.com.ar\/novovision\/wp-content\/uploads\/2015\/02\/diamundialdelavision1-80x80.jpg 80w, https:\/\/novovision.com.ar\/novovision\/wp-content\/uploads\/2015\/02\/diamundialdelavision1-300x295.jpg 300w, https:\/\/novovision.com.ar\/novovision\/wp-content\/uploads\/2015\/02\/diamundialdelavision1-36x36.jpg 36w\" sizes=\"auto, (max-width: 384px) 100vw, 384px\" \/><\/a><div class='slide-content'><header class=\"entry-content-header\"><span class=\"blog-categories minor-meta\"><a href=\"https:\/\/novovision.com.ar\/novovision\/category\/bajavision\/\" rel=\"tag\">Baja visi\u00f3n<\/a> <\/span><h3 class='slide-entry-title entry-title'  itemprop=\"headline\" ><a href='https:\/\/novovision.com.ar\/novovision\/2015\/02\/12\/entry-without-preview-image\/' title='DIA MUNDIAL DE LA VISION'>DIA MUNDIAL DE LA VISION<\/a><\/h3><span class=\"av-vertical-delimiter\"><\/span><\/header><div class='slide-entry-excerpt entry-content'  itemprop=\"text\" >El segundo jueves de Octubre se celebra el D\u00eda Mundial de la Visi\u00f3n con el objeto de centrar la atenci\u00f3n en la prevenci\u00f3n de la\u00a0 ceguera y la\u00a0 discapacidad visual. Tambi\u00e9n, es el principal evento de promoci\u00f3n de \u201cVisi\u00f3n 20\/20: El\u2026<\/div><\/div><footer class=\"entry-footer\"><div class='slide-meta'><time class='slide-meta-time updated'  itemprop=\"datePublished\" datetime=\"2015-02-12T18:49:48-03:00\" >12 febrero, 2015<\/time><\/div><\/footer><span class='hidden'>\n\t\t\t<span class='av-structured-data'  itemscope=\"itemscope\" itemtype=\"https:\/\/schema.org\/ImageObject\"  itemprop='image'>\n\t\t\t\t\t   <span itemprop='url' >https:\/\/novovision.com.ar\/novovision\/wp-content\/uploads\/2015\/02\/diamundialdelavision1.jpg<\/span>\n\t\t\t\t\t   <span itemprop='height' >378<\/span>\n\t\t\t\t\t   <span itemprop='width' >384<\/span>\n\t\t\t\t  <\/span><span class='av-structured-data'  itemprop=\"publisher\" itemtype=\"https:\/\/schema.org\/Organization\" itemscope=\"itemscope\" >\n\t\t\t\t<span itemprop='name'>novovision<\/span>\n\t\t\t\t<span itemprop='logo' itemscope itemtype='http:\/\/schema.org\/ImageObject'>\n\t\t\t\t   <span itemprop='url'>http:\/\/novovision.com.ar\/novovision\/wp-content\/uploads\/2017\/04\/logo-novovision-160606-300x173.jpg<\/span>\n\t\t\t\t <\/span>\n\t\t\t  <\/span><span class='av-structured-data'  itemprop=\"author\" itemscope=\"itemscope\" itemtype=\"https:\/\/schema.org\/Person\" ><span itemprop='name'>novovision<\/span><\/span><span class='av-structured-data'  itemprop=\"datePublished\" datetime=\"2015-02-12T18:49:48-03:00\" >2015-02-12 18:49:48<\/span><span class='av-structured-data'  itemprop=\"dateModified\" itemtype=\"https:\/\/schema.org\/dateModified\" >2021-04-09 09:53:45<\/span><span class='av-structured-data'  itemprop=\"mainEntityOfPage\" itemtype=\"https:\/\/schema.org\/mainEntityOfPage\" ><span itemprop='name'>DIA MUNDIAL DE LA VISION<\/span><\/span><\/span><\/article><\/div><\/div><\/div><\/p><\/div><\/p>\n","protected":false},"excerpt":{"rendered":"","protected":false},"author":1,"featured_media":0,"parent":0,"menu_order":0,"comment_status":"closed","ping_status":"closed","template":"","meta":{"footnotes":""},"class_list":["post-1300","page","type-page","status-publish","hentry"],"_links":{"self":[{"href":"https:\/\/novovision.com.ar\/novovision\/wp-json\/wp\/v2\/pages\/1300","targetHints":{"allow":["GET"]}}],"collection":[{"href":"https:\/\/novovision.com.ar\/novovision\/wp-json\/wp\/v2\/pages"}],"about":[{"href":"https:\/\/novovision.com.ar\/novovision\/wp-json\/wp\/v2\/types\/page"}],"author":[{"embeddable":true,"href":"https:\/\/novovision.com.ar\/novovision\/wp-json\/wp\/v2\/users\/1"}],"replies":[{"embeddable":true,"href":"https:\/\/novovision.com.ar\/novovision\/wp-json\/wp\/v2\/comments?post=1300"}],"version-history":[{"count":132,"href":"https:\/\/novovision.com.ar\/novovision\/wp-json\/wp\/v2\/pages\/1300\/revisions"}],"predecessor-version":[{"id":2174,"href":"https:\/\/novovision.com.ar\/novovision\/wp-json\/wp\/v2\/pages\/1300\/revisions\/2174"}],"wp:attachment":[{"href":"https:\/\/novovision.com.ar\/novovision\/wp-json\/wp\/v2\/media?parent=1300"}],"curies":[{"name":"wp","href":"https:\/\/api.w.org\/{rel}","templated":true}]}}