{"id":1956,"date":"2023-04-28T12:05:22","date_gmt":"2023-04-28T15:05:22","guid":{"rendered":"http:\/\/novovision.com.ar\/novovision\/?page_id=1956"},"modified":"2023-05-10T17:46:44","modified_gmt":"2023-05-10T20:46:44","slug":"cursos-2023","status":"publish","type":"page","link":"https:\/\/novovision.com.ar\/novovision\/cursos-2023\/","title":{"rendered":"Cursos-2023"},"content":{"rendered":"<div class='flex_column_table av-equal-height-column-flextable' ><div class=\"flex_column av_one_full  no_margin flex_column_table_cell av-equal-height-column av-align-top av-zero-column-padding first  \" style='border-radius:0px; '><section class=\"av_textblock_section\"  itemscope=\"itemscope\" itemtype=\"https:\/\/schema.org\/CreativeWork\" ><div class='avia_textblock '   itemprop=\"text\" ><h2 style=\"text-align: center;\">POSGRADO en BAJA VISION Y REHABILITACION VISUAL 2023<\/h2>\n<div style=\"position: absolute; left: 258px; top: 37.8889px;\"><\/div>\n<\/div><\/section><\/div><\/div><!--close column table wrapper. Autoclose:  -->\n<div class=\"flex_column av_one_half  flex_column_div av-zero-column-padding first  \" style='border-radius:0px; '><section class=\"av_textblock_section\"  itemscope=\"itemscope\" itemtype=\"https:\/\/schema.org\/CreativeWork\" ><div class='avia_textblock '  style='font-size:15px; '  itemprop=\"text\" ><h4 style=\"text-align: center;\"><strong>Residentes Argentinos<\/strong><\/h4>\n<pre style=\"text-align: center;\"><strong>Aranceles<\/strong>\r\n\r\n<strong>$30.000 -<\/strong> <strong>10 clases ONLINE\u00a0<\/strong>\r\n<strong>$5.000<\/strong> - <b><span lang=\"ES\">Practica presencial optativa<\/span><\/b>\r\n\r\n<strong>Medio de pago<\/strong>\r\nCBU: <strong>0110006830000611479247<\/strong>\r\nAlias: <strong>COMICO.ASTRO.MAMUT<\/strong>\r\nMaria Veronica Lopez Fernandez 23206187034\r\n<strong>Importante<\/strong> \r\nEnviar comprobante de pago a:<strong> \r\nnovovision.forms@gmail.com\r\n<\/strong><\/pre>\n<div style=\"position: absolute; left: 39px; top: 37.8889px;\"><\/div>\n<div style=\"position: absolute; left: 75px; top: 37.8889px;\"><\/div>\n<div style=\"position: absolute; left: 90px; top: -4.08333px;\"><\/div>\n<\/div><\/section><\/div>\n<div class=\"flex_column av_two_fifth  flex_column_div av-zero-column-padding   \" style='border-radius:0px; '><section class=\"av_textblock_section\"  itemscope=\"itemscope\" itemtype=\"https:\/\/schema.org\/CreativeWork\" ><div class='avia_textblock '  style='font-size:18px; '  itemprop=\"text\" ><h4 style=\"text-align: center;\">Extranjeros<\/h4>\n<pre style=\"text-align: center;\"><strong>Aranceles\r\n<\/strong><strong>150<\/strong> <strong>USD -<\/strong>\u00a0<strong>10 clases ONLINE<\/strong>\r\n<strong>\r\nMedio de pago<\/strong>\r\nUsuario: PayPal\r\n<strong>alejandropic@gmail.com<\/strong><\/pre>\n<div style=\"position: absolute; left: 39px; top: 37.8889px;\"><\/div>\n<div style=\"position: absolute; left: 75px; top: 37.8889px;\"><\/div>\n<div style=\"position: absolute; left: 90px; top: -4.08333px;\"><\/div>\n<\/div><\/section><\/div>\n<div class=\"flex_column av_one_half  flex_column_div av-zero-column-padding first  \" style='border-radius:0px; '><div class='avia-button-wrap avia-button-center '><a href='https:\/\/novovision.com.ar\/novovision\/pre-inscripcion\/' class='avia-button av-icon-on-hover avia-icon_select-yes-left-icon avia-color-theme-color avia-size-small avia-position-center '   ><span class='avia_button_icon avia_button_icon_left ' aria-hidden='true' data-av_icon='\ue836' data-av_iconfont='entypo-fontello'><\/span><span class='avia_iconbox_title' >PRE-INSCRIPCION<\/span><\/a><\/div><\/div>\n<div class=\"flex_column av_one_half  flex_column_div av-zero-column-padding   \" style='border-radius:0px; '><div class='avia-button-wrap avia-button-center '><a href='https:\/\/novovision.com.ar\/novovision\/cursos-2023\/' class='avia-button av-icon-on-hover avia-icon_select-yes-left-icon avia-color-theme-color avia-size-small avia-position-center '   ><span class='avia_button_icon avia_button_icon_left ' aria-hidden='true' data-av_icon='\ue81e' data-av_iconfont='entypo-fontello'><\/span><span class='avia_iconbox_title' >Mas Informaci\u00f3n<\/span><\/a><\/div><\/div>\n<div class=\"flex_column av_one_full  flex_column_div av-zero-column-padding first  \" style='border-radius:0px; '><section class=\"av_textblock_section\"  itemscope=\"itemscope\" itemtype=\"https:\/\/schema.org\/CreativeWork\" ><div class='avia_textblock '  style='font-size:14px; '  itemprop=\"text\" ><p style=\"text-align: left;\"><strong>TEORICO \u2013 PR\u00c1CTICO<\/strong><\/p>\n<p>CURSO ONLINE<strong>\u00a0<\/strong>auspiciado por:<\/p>\n<p><strong><img loading=\"lazy\" decoding=\"async\" class=\"alignnone wp-image-1611\" src=\"http:\/\/novovision.com.ar\/novovision\/wp-content\/uploads\/2021\/04\/cao.jpg\" alt=\"\" width=\"108\" height=\"49\" srcset=\"https:\/\/novovision.com.ar\/novovision\/wp-content\/uploads\/2021\/04\/cao.jpg 512w, https:\/\/novovision.com.ar\/novovision\/wp-content\/uploads\/2021\/04\/cao-300x137.jpg 300w, https:\/\/novovision.com.ar\/novovision\/wp-content\/uploads\/2021\/04\/cao-450x205.jpg 450w\" sizes=\"auto, (max-width: 108px) 100vw, 108px\" \/><\/strong><\/p>\n<p><strong>Dirigido a<\/strong>:<\/p>\n<ul>\n<li>Profesionales de la salud (m\u00e9dicos, terapistas ocupacionales, kinesi\u00f3logos, profesionales de salud mental, t\u00e9cnicos en \u00f3ptica, trabajadores sociales, etc.<\/li>\n<li>Profesionales docentes: docentes de educaci\u00f3n especial<\/li>\n<li>Profesionales afines a la tem\u00e1tica de la discapacidad<\/li>\n<\/ul>\n<p><strong>Se otorgar\u00e1n certificados al finalizar el curso<\/strong><\/p>\n<div dir=\"ltr\"><b>DIRECTORA: Dra. Ver\u00f3nica L\u00f3pez Fern\u00e1ndez<\/b><\/div>\n<ul>\n<li dir=\"ltr\"><b>Jefa de servicio de Oftalmolog\u00eda y Rehabilitaci\u00f3n oftalmol\u00f3gica. Hospital de Rehabilitaci\u00f3n Manuel Rocca.<br \/>\n<\/b><\/li>\n<li dir=\"ltr\"><b>Consultora del Servicio de Baja Visi\u00f3n. Hospital Oftalmol\u00f3gico Santa Lucia.<br \/>\n<\/b><\/li>\n<li><strong>Coordinadora de la Comisi\u00f3n de Baja Visi\u00f3n del Consejo Argentino de Oftalmolog\u00eda. CAO<\/strong><\/li>\n<li><b>Medica Oftalm\u00f3loga. Centro Asistencial Universitario. UNSAM<\/b><\/li>\n<\/ul>\n<ul>\n<li style=\"list-style-type: none;\"><\/li>\n<\/ul>\n<p><strong>Docentes invitados nacionales y extranjeros<\/strong><\/p>\n<p>Este curso de formaci\u00f3n profesional est\u00e1 dise\u00f1ado para satisfacer las demandas de equipos interdisciplinarios de asistencia a personas con discapacidad visual, con el objetivo de mejorar su autonom\u00eda personal y lograr una mejor integraci\u00f3n social y calidad de vida de las personas con discapacidad visual.<\/p>\n<p><strong>Modalidad del curso:\u00a0ONLINE<\/strong><\/p>\n<ul>\n<li><strong>10 clases Online en vivo a trav\u00e9s de la plataforma virtual.<\/strong><\/li>\n<\/ul>\n<p style=\"padding-left: 60px;\"><strong>Horario: lunes de 19:30 a 20:30 hs.<\/strong><\/p>\n<p style=\"padding-left: 60px;\"><strong>Junio: 5, 12, 19, 26.<\/strong><\/p>\n<p style=\"padding-left: 60px;\"><strong>Julio: 3, 10, 17, 24, 31.<\/strong><\/p>\n<p style=\"padding-left: 60px;\"><strong>Agosto: 7.<\/strong><\/p>\n<ul>\n<li><strong>Aula Virtual: Material de estudio disponible durante todo el curso, videos y consultas con el especialista<\/strong><\/li>\n<\/ul>\n<ul>\n<li><strong>Jornada practica presencial optativa al finalizar el curso<\/strong><\/li>\n<li style=\"list-style-type: none;\">Un encuentro presencial que tendr\u00e1 como objetivo la puesta en pr\u00e1ctica de los conocimientos adquiridos utilizando simuladores de las diferentes patolog\u00edas m\u00e1s comunes. Se les brindara ayudas \u00f3pticas y no \u00f3pticas para la resoluci\u00f3n de casos cl\u00ednicos con pacientes en el consultorio. S\u00e1bado 12 de agosto de 9 a 13 hs Lugar: CABA<\/li>\n<li style=\"list-style-type: none;\"><\/li>\n<\/ul>\n<p><strong>Aranceles para argentinos<\/strong><\/p>\n<p style=\"padding-left: 40px;\"><strong>CURSO ONLINE: $30.000 (pesos argentinos)<\/strong><\/p>\n<p style=\"padding-left: 40px;\"><strong>JORNADA PRACTICA: $5.000 (pesos argentinos)<\/strong><\/p>\n<p style=\"padding-left: 40px;\"><strong>Medio de pago<\/strong><\/p>\n<p style=\"padding-left: 40px;\">CBU: <strong>0110006830000611479247<\/strong><\/p>\n<p style=\"padding-left: 40px;\">Alias: <strong>COMICO.ASTRO.MAMUT\u00a0 <\/strong><\/p>\n<p style=\"padding-left: 40px;\"><strong>Maria Veronica Lopez Fernandez 23206187034<\/strong><\/p>\n<p style=\"padding-left: 40px;\"><strong>Importante<\/strong> Enviar comprobante de pago a:<strong> novovision.forms@gmail.com<\/strong><\/p>\n<p><strong>Aranceles para extranjeros<\/strong><\/p>\n<p style=\"padding-left: 40px;\"><strong>CURSO ONLINE: usd$150<\/strong><\/p>\n<p style=\"padding-left: 40px;\"><strong>Medio de pago<\/strong><\/p>\n<p style=\"padding-left: 40px;\">Usuario: PayPal <strong>alejandropic@gmail.com<\/strong><\/p>\n<p><strong>Requisitos<\/strong>:<\/p>\n<p>Computadora con acceso a internet<\/p>\n<p><strong>Certificaciones:<\/strong><\/p>\n<p>Se otorgar\u00e1 certificado al finalizar el curso. (Certificado de asistencia al curso)<\/p>\n<p>Los que deseen podr\u00e1n rendir el examen final de M\u00faltiple Choice. (Certificado de aprobaci\u00f3n del curso)<\/p>\n<p><strong>Al finalizar el curso, el alumno podr\u00e1<\/strong>:<\/p>\n<ul>\n<li style=\"list-style-type: none;\">\n<ul>\n<li>Contar con las herramientas apropiadas para la aplicaci\u00f3n de las estrategias de asistencia y reeducaci\u00f3n visual.<\/li>\n<li>Realizar la evaluaci\u00f3n de la visi\u00f3n funcional de las personas con discapacidad desde diferentes aspectos de esta para su mejor inserci\u00f3n en la sociedad.<\/li>\n<li>Participar en el equipo multidisciplinario de rehabilitaci\u00f3n integrado por m\u00e9dicos, profesionales de la salud, la educaci\u00f3n y ciencias afines a la rehabilitaci\u00f3n\u00a0<strong>contribuyendo a la prevenci\u00f3n, promoci\u00f3n y rehabilitaci\u00f3n de la salud.<\/strong><\/li>\n<\/ul>\n<\/li>\n<\/ul>\n<h2 style=\"text-align: center;\"><\/h2>\n<h2 style=\"text-align: center;\"><\/h2>\n<h2 style=\"text-align: center;\"><strong>PLAN DE ESTUDIOS<\/strong><\/h2>\n<p><strong>1- Generalidades<\/strong><\/p>\n<p>Definiciones de baja visi\u00f3n. Criterios de evaluaci\u00f3n e instrumentos utilizados. CUD. Legislaci\u00f3n y discapacidad.<\/p>\n<p><strong>2- Anatomo-fisiolog\u00eda de la visi\u00f3n<\/strong><\/p>\n<p>Estructura y funci\u00f3n de los tejidos del ojo. Funcionamiento del aparato visual y conformaci\u00f3n de la imagen. Plasticidad neuronal.<\/p>\n<p>\u00d3ptica aplicada.<\/p>\n<p><strong>3- Patolog\u00eda\u00a0<\/strong><\/p>\n<p>Enfermedades cong\u00e9nitas y hereditarias, generalidades. Patolog\u00eda vascular e infecciosa. Malformaciones y s\u00edndromes. Retinopat\u00eda del Prematuro. Catarata cong\u00e9nita. Retinosis Pigmentaria. Retinopat\u00eda diab\u00e9tica. Albinismo. Maculopt\u00eda senil. Glaucoma. Catarata del adulto. Neuropat\u00edas \u00f3pticas. Nistagmos. Ambliop\u00eda. Vicios de refracci\u00f3n. Manifestaciones oculares de las enfermedades generales.<\/p>\n<p><strong>4-\u00a0Evaluaci\u00f3n oftalmol\u00f3gica y funcional<\/strong><\/p>\n<p>Test de evaluaci\u00f3n de la visi\u00f3n. Estudios complementarios. Visi\u00f3n funcional. Pruebas objetivas y subjetivas para la evaluaci\u00f3n oftalmol\u00f3gica. Casos Cl\u00ednicos<\/p>\n<p><strong>6- Ayudas visuales<\/strong><\/p>\n<p>Ayudas \u00f3pticas para la visi\u00f3n cercana. Ayudas \u00f3pticas para la visi\u00f3n lejana. Ayudas \u00f3pticas para la visi\u00f3n intermedia. Ayudas electr\u00f3nicas. Ayudas\u00a0\u00a0No \u00d3pticas. Aspectos pr\u00e1cticos y casos cl\u00ednicos<\/p>\n<p><strong>5- Oftalmopediatria<\/strong><\/p>\n<p>Bases de la Estimulaci\u00f3n Temprana. Crecimiento y desarrollo. Desarrollo cognitivo y psicomotor. Relaciones\u00a0\u00a0parentales: v\u00ednculo madre\u2013hijo. Tests de evaluaci\u00f3n funcional.<\/p>\n<p><strong>7- Rehabilitaci\u00f3n visual\u00a0<\/strong><\/p>\n<p>Rehabilitaci\u00f3n visual: conceptos y alcances. T\u00e9cnicas y entrenamiento: Materiales y m\u00e9todo.<\/p>\n<p>Orientaci\u00f3n y Movilidad. T\u00e9cnicas espec\u00edficas para la comunicaci\u00f3n. Avances tecnol\u00f3gicos. Actividades de la vida diaria.<\/p>\n<p><strong>8- Tecnolog\u00edas aplicadas<\/strong><\/p>\n<p>Sistemas electr\u00f3nicos. Tecnolog\u00eda de realidad virtual. Apps para pacientes con baja visi\u00f3n. Investigaci\u00f3n y \u00faltimos avances en tratamientos m\u00e9dicos para personas con discapacidad visual.<\/p>\n<p><strong>9- Orientaci\u00f3n Psico-social en Discapacidad<\/strong><\/p>\n<p>Abordaje psicol\u00f3gico de la persona con discapacidad sensorial y su entorno. Ajustes en las diferentes etapas de la vida.\u00a0Asesoramiento de pacientes y su familia para el acceso a los derechos de personas con discapacidad.<\/p>\n<p><strong>10-\u00a0Trabajo de Integraci\u00f3n final. Casos Cl\u00ednicos<\/strong><\/p>\n<\/div><\/section><\/div><div class='flex_column_table av-equal-height-column-flextable' ><div class=\"flex_column av_one_half  no_margin flex_column_table_cell av-equal-height-column av-align-top first  \" style='padding:0px 0px 0px 0px ; border-radius:0px; '><div class='avia-button-wrap avia-button-center '><a href='https:\/\/novovision.com.ar\/novovision\/pre-inscripcion\/' class='avia-button av-icon-on-hover avia-icon_select-yes-left-icon avia-color-theme-color avia-size-small avia-position-center '   ><span class='avia_button_icon avia_button_icon_left ' aria-hidden='true' data-av_icon='\ue836' data-av_iconfont='entypo-fontello'><\/span><span class='avia_iconbox_title' >PRE-INSCRIPCION<\/span><\/a><\/div><\/div><\/p>\n<div class=\"flex_column av_one_half  no_margin flex_column_table_cell av-equal-height-column av-align-top av-zero-column-padding   \" style='border-radius:0px; '><div class='avia-button-wrap avia-button-center '><a href='https:\/\/novovision.com.ar\/novovision\/cursos-2023\/' class='avia-button av-icon-on-hover avia-icon_select-yes-left-icon avia-color-theme-color avia-size-small avia-position-center '   ><span class='avia_button_icon avia_button_icon_left ' aria-hidden='true' data-av_icon='\ue81e' data-av_iconfont='entypo-fontello'><\/span><span class='avia_iconbox_title' >Mas Informaci\u00f3n<\/span><\/a><\/div><\/div><\/div><!--close column table wrapper. Autoclose:  -->\n","protected":false},"excerpt":{"rendered":"","protected":false},"author":1,"featured_media":0,"parent":0,"menu_order":0,"comment_status":"closed","ping_status":"closed","template":"","meta":{"footnotes":""},"class_list":["post-1956","page","type-page","status-publish","hentry"],"_links":{"self":[{"href":"https:\/\/novovision.com.ar\/novovision\/wp-json\/wp\/v2\/pages\/1956","targetHints":{"allow":["GET"]}}],"collection":[{"href":"https:\/\/novovision.com.ar\/novovision\/wp-json\/wp\/v2\/pages"}],"about":[{"href":"https:\/\/novovision.com.ar\/novovision\/wp-json\/wp\/v2\/types\/page"}],"author":[{"embeddable":true,"href":"https:\/\/novovision.com.ar\/novovision\/wp-json\/wp\/v2\/users\/1"}],"replies":[{"embeddable":true,"href":"https:\/\/novovision.com.ar\/novovision\/wp-json\/wp\/v2\/comments?post=1956"}],"version-history":[{"count":32,"href":"https:\/\/novovision.com.ar\/novovision\/wp-json\/wp\/v2\/pages\/1956\/revisions"}],"predecessor-version":[{"id":1977,"href":"https:\/\/novovision.com.ar\/novovision\/wp-json\/wp\/v2\/pages\/1956\/revisions\/1977"}],"wp:attachment":[{"href":"https:\/\/novovision.com.ar\/novovision\/wp-json\/wp\/v2\/media?parent=1956"}],"curies":[{"name":"wp","href":"https:\/\/api.w.org\/{rel}","templated":true}]}}