{"id":2164,"date":"2026-03-13T12:16:48","date_gmt":"2026-03-13T15:16:48","guid":{"rendered":"https:\/\/novovision.com.ar\/novovision\/?page_id=2164"},"modified":"2026-03-17T19:24:03","modified_gmt":"2026-03-17T22:24:03","slug":"cursos-2026","status":"publish","type":"page","link":"https:\/\/novovision.com.ar\/novovision\/cursos-2026\/","title":{"rendered":"cursos-2026"},"content":{"rendered":"<div class='flex_column_table av-equal-height-column-flextable' ><div class=\"flex_column av_one_full  no_margin flex_column_table_cell av-equal-height-column av-align-top av-zero-column-padding first  \" style='border-radius:0px; '><section class=\"av_textblock_section\"  itemscope=\"itemscope\" itemtype=\"https:\/\/schema.org\/CreativeWork\" ><div class='avia_textblock '   itemprop=\"text\" ><h2 style=\"text-align: center;\">POSGRADO en BAJA VISION Y REHABILITACION VISUAL 2026<\/h2>\n<div style=\"position: absolute; left: 258px; top: 37.8889px;\"><\/div>\n<\/div><\/section><\/div><\/div><!--close column table wrapper. Autoclose:  -->\n<div class=\"flex_column av_three_fifth  flex_column_div av-zero-column-padding first  \" style='border-radius:0px; '><section class=\"av_textblock_section\"  itemscope=\"itemscope\" itemtype=\"https:\/\/schema.org\/CreativeWork\" ><div class='avia_textblock '  style='font-size:15px; '  itemprop=\"text\" ><h4 style=\"text-align: center;\"><strong>Residentes Argentinos<\/strong><\/h4>\n<pre style=\"text-align: center;\"><strong>Aranceles<\/strong>\r\n\r\n<strong>$480.000 -<\/strong> <strong>8 clases ONLINE\u00a0\r\n<\/strong>Forma de pago\r\n 50% para reservar la vacante y 50% antes de la fecha de comienzo\r\n<strong>\r\n$520.000<\/strong> - <strong>8 clases ONLINE con pr\u00e1ctica<\/strong><b><span lang=\"ES\"> presencial incluida\r\n<\/span><\/b><span lang=\"ES\">Forma de pago\r\n<\/span><span lang=\"ES\">  50% para reservar la vacante y 50% antes de la fecha de comienzo de la pr\u00e1ctica<\/span><b>\r\n<\/b>\r\n\r\n<strong>Medio de pago\r\nMaria Veronica Lopez Fernandez\r\n<\/strong>CVU:<strong> 0000003100060636983812\r\n<\/strong>Alias:<strong> borne.hipo.clips.mp\r\n<\/strong>CUIT\/CUIL:<strong> 23206187034\r\nMercado\u00a0Pago\r\n<\/strong>\r\n<strong>Importante<\/strong> \r\nEnviar comprobante de pago a:<strong> \r\nnovovision.forms@gmail.com\r\n<\/strong><\/pre>\n<div style=\"position: absolute; left: 39px; top: 37.8889px;\"><\/div>\n<div style=\"position: absolute; left: 75px; top: 37.8889px;\"><\/div>\n<div style=\"position: absolute; left: 90px; top: -4.08333px;\"><\/div>\n<\/div><\/section><\/div>\n<div class=\"flex_column av_two_fifth  flex_column_div av-zero-column-padding   \" style='border-radius:0px; '><section class=\"av_textblock_section\"  itemscope=\"itemscope\" itemtype=\"https:\/\/schema.org\/CreativeWork\" ><div class='avia_textblock '  style='font-size:18px; '  itemprop=\"text\" ><h4 style=\"text-align: center;\">Extranjeros<\/h4>\n<pre style=\"text-align: center;\"><strong>Aranceles\r\n<\/strong><strong>480<\/strong> <strong>USD -<\/strong>\u00a0<strong>8 clases ONLINE<\/strong>\r\n<strong>\r\nMedio de pago<\/strong>\r\nUsuario: PayPal\r\n<strong>alejandropic@gmail.com\r\n\r\nImportante \r\n<\/strong>Enviar comprobante de pago a:<strong>\r\nnovovision.forms@gmail.com\r\n<\/strong><\/pre>\n<div style=\"position: absolute; left: 39px; top: 37.8889px;\"><\/div>\n<div style=\"position: absolute; left: 75px; top: 37.8889px;\"><\/div>\n<div style=\"position: absolute; left: 90px; top: -4.08333px;\"><\/div>\n<\/div><\/section><\/div>\n<div class=\"flex_column av_one_half  flex_column_div av-zero-column-padding first  \" style='border-radius:0px; '><div class='avia-button-wrap avia-button-center '><a href='https:\/\/novovision.com.ar\/novovision\/pre-inscripcion\/' class='avia-button av-icon-on-hover avia-icon_select-yes-left-icon avia-color-theme-color avia-size-small avia-position-center '   ><span class='avia_button_icon avia_button_icon_left ' aria-hidden='true' data-av_icon='\ue836' data-av_iconfont='entypo-fontello'><\/span><span class='avia_iconbox_title' >PRE-INSCRIPCION<\/span><\/a><\/div><\/div>\n<div class=\"flex_column av_one_half  flex_column_div av-zero-column-padding   \" style='border-radius:0px; '><div class='avia-button-wrap avia-button-center '><a href='https:\/\/novovision.com.ar\/novovision\/cursos-2026\/' class='avia-button av-icon-on-hover avia-icon_select-yes-left-icon avia-color-theme-color avia-size-small avia-position-center '   ><span class='avia_button_icon avia_button_icon_left ' aria-hidden='true' data-av_icon='\ue81e' data-av_iconfont='entypo-fontello'><\/span><span class='avia_iconbox_title' >Mas Informaci\u00f3n<\/span><\/a><\/div><\/div>\n<div class=\"flex_column av_one_full  flex_column_div av-zero-column-padding first  \" style='border-radius:0px; '><section class=\"av_textblock_section\"  itemscope=\"itemscope\" itemtype=\"https:\/\/schema.org\/CreativeWork\" ><div class='avia_textblock '  style='font-size:15px; '  itemprop=\"text\" ><p style=\"text-align: left;\"><strong>TEORICO \u2013 PR\u00c1CTICO<\/strong><\/p>\n<p>CURSO ONLINE<strong>\u00a0<\/strong>auspiciado por:<\/p>\n<p><strong><img loading=\"lazy\" decoding=\"async\" class=\"alignnone wp-image-1611\" src=\"http:\/\/novovision.com.ar\/novovision\/wp-content\/uploads\/2021\/04\/cao.jpg\" alt=\"\" width=\"108\" height=\"49\" srcset=\"https:\/\/novovision.com.ar\/novovision\/wp-content\/uploads\/2021\/04\/cao.jpg 512w, https:\/\/novovision.com.ar\/novovision\/wp-content\/uploads\/2021\/04\/cao-300x137.jpg 300w, https:\/\/novovision.com.ar\/novovision\/wp-content\/uploads\/2021\/04\/cao-450x205.jpg 450w\" sizes=\"auto, (max-width: 108px) 100vw, 108px\" \/><\/strong><\/p>\n<p><strong>Dirigido a<\/strong>:<\/p>\n<ul>\n<li>Profesionales de la salud (m\u00e9dicos, terapistas ocupacionales, kinesi\u00f3logos, profesionales de salud mental, t\u00e9cnicos en \u00f3ptica, trabajadores sociales, etc.<\/li>\n<li>Profesionales docentes: docentes de educaci\u00f3n especial<\/li>\n<li>Profesionales afines a la tem\u00e1tica de la discapacidad<\/li>\n<\/ul>\n<p><strong>Se otorgar\u00e1n certificados al finalizar el curso<\/strong><\/p>\n<div dir=\"ltr\"><b>DIRECTORA: Dra. Ver\u00f3nica L\u00f3pez Fern\u00e1ndez<\/b><\/div>\n<ul>\n<li dir=\"ltr\"><b>Jefa de secci\u00f3n de Oftalmolog\u00eda y Rehabilitaci\u00f3n oftalmol\u00f3gica. Hospital de Rehabilitaci\u00f3n Manuel Rocca.<br \/>\n<\/b><\/li>\n<li dir=\"ltr\"><b>Consultora del Servicio de Baja Visi\u00f3n. Hospital Oftalmol\u00f3gico Santa Lucia.<br \/>\n<\/b><\/li>\n<li><strong>Coordinadora de la Comisi\u00f3n de Baja Visi\u00f3n del Consejo Argentino de Oftalmolog\u00eda. CAO<\/strong><\/li>\n<li><b>Docente y M\u00e9dica Oftalm\u00f3loga. Centro Asistencial Universitario. UNSAM<\/b><\/li>\n<\/ul>\n<ul>\n<li style=\"list-style-type: none;\"><\/li>\n<\/ul>\n<p><strong>Docentes invitados nacionales y extranjeros<\/strong><\/p>\n<p>Este curso de formaci\u00f3n profesional est\u00e1 dise\u00f1ado para satisfacer las demandas de equipos interdisciplinarios de asistencia a personas con discapacidad visual, con el objetivo de mejorar su autonom\u00eda personal y lograr una mejor integraci\u00f3n social y calidad de vida de las personas con discapacidad visual.<\/p>\n<p><strong>Modalidad del curso:\u00a0ONLINE<\/strong><\/p>\n<ul>\n<li><strong>8 clases Online en vivo a trav\u00e9s de la plataforma virtual.<\/strong><\/li>\n<\/ul>\n<p style=\"padding-left: 60px;\"><strong>Horario: lunes de 19:30 a 20:30 hs.<\/strong><\/p>\n<p style=\"padding-left: 60px;\"><strong>abril: 13, 20, 27.<\/strong><\/p>\n<p style=\"padding-left: 60px;\"><strong>mayo: 4, 11, 18, 25.<\/strong><\/p>\n<p style=\"padding-left: 60px;\"><strong>junio: 1.<\/strong><\/p>\n<ul>\n<li><strong>Aula Virtual: Material de estudio disponible durante todo el curso, videos y consultas con el especialista<\/strong><\/li>\n<\/ul>\n<p><strong>Jornada practica presencial <em>OPTATIVA<\/em> al finalizar el curso<\/strong><\/p>\n<ul>\n<li style=\"list-style-type: none;\">Un encuentro presencial que tendr\u00e1 como objetivo la puesta en pr\u00e1ctica de los conocimientos adquiridos utilizando simuladores de las diferentes patolog\u00edas m\u00e1s comunes. Se les brindara ayudas \u00f3pticas y no \u00f3pticas para la resoluci\u00f3n de casos cl\u00ednicos con pacientes en el consultorio. <strong>S\u00e1bado 6 de junio de 10 a 13:30 hs Lugar: CABA<\/strong><\/li>\n<\/ul>\n<p><strong>Aranceles para argentinos<\/strong><\/p>\n<p style=\"padding-left: 40px;\"><strong>CURSO ONLINE: $480.000 (pesos argentinos) &#8211; 8 clases ONLINE<\/strong><\/p>\n<p style=\"padding-left: 40px;\">Forma de pago: 50% para reservar la vacante y 50% antes de la fecha de comienzo<\/p>\n<p style=\"padding-left: 40px;\"><strong>CURSO ONLINE + JORNADA PRACTICA: $520.000 (pesos argentinos) &#8211; 8 clases ONLINE con p<b><span lang=\"ES\">ractica presencial incluida<\/span><\/b>\u00a0<\/strong><\/p>\n<p style=\"padding-left: 40px;\">Forma de pago: 50% para reservar la vacante y 50% antes de la fecha de comienzo de la pr\u00e1ctica<\/p>\n<p style=\"padding-left: 40px;\"><strong>Medio de pago &#8220;Mercado Pago&#8221;<\/strong><\/p>\n<p style=\"padding-left: 40px;\"><strong>Maria Veronica Lopez Fernandez <\/strong><\/p>\n<p style=\"padding-left: 40px;\">CVU:<strong> 0000003100060636983812 <\/strong><\/p>\n<p style=\"padding-left: 40px;\">Alias:<strong> borne.hipo.clips.mp <\/strong><\/p>\n<p style=\"padding-left: 40px;\">CUIT\/CUIL:<strong> 23206187034<\/strong><\/p>\n<p style=\"padding-left: 40px;\"><strong>Importante<\/strong> Enviar comprobante de pago a:<strong> novovision.forms@gmail.com<\/strong><\/p>\n<p><strong>Aranceles para extranjeros<\/strong><\/p>\n<p style=\"padding-left: 40px;\"><strong>CURSO ONLINE: usd$ 480-<\/strong><\/p>\n<p style=\"padding-left: 40px;\"><strong>Medio de pago<\/strong><\/p>\n<p style=\"padding-left: 40px;\">Usuario: PayPal <strong>alejandropic@gmail.com<\/strong><\/p>\n<p><strong>Requisitos<\/strong>:<\/p>\n<p>Computadora con acceso a internet<\/p>\n<p><strong>Certificaciones:<\/strong><\/p>\n<p>Se otorgar\u00e1 certificado al finalizar el curso. (Certificado de asistencia al curso)<\/p>\n<p>Los que deseen podr\u00e1n rendir el examen final de M\u00faltiple Choice. (Certificado de aprobaci\u00f3n del curso)<\/p>\n<p><strong>Al finalizar el curso, el alumno podr\u00e1<\/strong>:<\/p>\n<ul>\n<li style=\"list-style-type: none;\">\n<ul>\n<li>Contar con las herramientas apropiadas para la aplicaci\u00f3n de las estrategias de asistencia y reeducaci\u00f3n visual.<\/li>\n<li>Realizar aportes para mejorar la visi\u00f3n funcional de las personas con discapacidad desde diferentes aspectos de las mismas, para su mejor inserci\u00f3n en la sociedad.<\/li>\n<li>Participar en el equipo multidisciplinario de rehabilitaci\u00f3n integrado por m\u00e9dicos, profesionales de la salud, la educaci\u00f3n y ciencias afines a la rehabilitaci\u00f3n\u00a0<strong>contribuyendo a la prevenci\u00f3n, promoci\u00f3n y rehabilitaci\u00f3n de la salud.<\/strong><\/li>\n<\/ul>\n<\/li>\n<\/ul>\n<h2 style=\"text-align: center;\"><\/h2>\n<h2 style=\"text-align: center;\"><\/h2>\n<h2 style=\"text-align: center;\"><strong>PLAN DE ESTUDIOS<\/strong><\/h2>\n<p><strong>1 &#8211; Generalidades<\/strong><\/p>\n<p>Definiciones de baja visio\u0301n. Criterios de evaluacio\u0301n e instrumentos utilizados. CUD. Legislacio\u0301n y discapacidad.<\/p>\n<p><strong>2 &#8211; Anatomo-Patologia<\/strong><br \/>\nEstructura y funcio\u0301n de los tejidos del ojo. Distrofias retinales. Actualizaci\u00f3n en Terapias G\u00e9nicas y f\u00e1rmacos antiangiog\u00e9nicos. Glaucoma, cataratas, DMRE, Neuropat\u00edas mas frecuentes. Retinopati\u0301a del Prematuro. Retinopati\u0301a diabe\u0301tica. Albinismo. Vicios de refraccio\u0301n.<\/p>\n<p><strong>3 &#8211; Evaluacio\u0301n oftalmolo\u0301gica y funcional<\/strong><\/p>\n<p>Tests de evaluacio\u0301n en baja visio\u0301n. Estudios complementarios. Pruebas objetivas y subjetivas para la evaluacio\u0301n oftalmolo\u0301gica. Casos Cli\u0301nicos<\/p>\n<p><strong>4 &#8211; Ayudas visuales<\/strong><\/p>\n<p>Ayudas o\u0301pticas para la visio\u0301n cercana. Ayudas o\u0301pticas para la visio\u0301n lejana. Ayudas o\u0301pticas para la visio\u0301n intermedia. Ayudas electro\u0301nicas. Ayudas No O\u0301pticas. Aspectos pra\u0301cticos y casos cli\u0301nicos<\/p>\n<p><strong>5 &#8211; Oftalmopediatria<\/strong><\/p>\n<p>Bases de la Estimulacio\u0301n Temprana. Crecimiento y desarrollo. Desarrollo cognitivo y psicomotor. Compromiso visual de enfermedades neurol\u00f3gicas. Relaciones parentales: vi\u0301nculo madre\u2013hijo.<\/p>\n<p><strong>6 &#8211; Estimulacio\u0301n visual y Rehabilitacio\u0301n visual <\/strong><\/p>\n<p>Conceptos y alcances. Te\u0301cnicas y entrenamiento: Materiales y me\u0301todo.Orientacio\u0301n y Movilidad. Te\u0301cnicas especi\u0301ficas para la comunicacio\u0301n. Avances tecnolo\u0301gicos. Actividades de la vida diaria.<\/p>\n<p><strong>7 &#8211; Aspectos psico sociales. Casos cli\u0301nicos<\/strong><br \/>\nAbordaje e intervenciones en las diferentes etapas del proceso. Seguimiento de casos. Burnout del Cuidador:\u00a0Estrategias de apoyo para las familias<\/p>\n<p><strong>8 &#8211; Tecnologi\u0301a<\/strong><br \/>\nRealidad Virtual y Realidad aumentada. Indicaciones me\u0301dicas. Aplicaciones disponibles. IA aplicada<\/p>\n<\/div><\/section><\/div>\n<div class='flex_column_table av-equal-height-column-flextable' ><div class=\"flex_column av_one_half  no_margin flex_column_table_cell av-equal-height-column av-align-top first  \" style='padding:0px 0px 0px 0px ; border-radius:0px; '><div class='avia-button-wrap avia-button-center '><a href='https:\/\/novovision.com.ar\/novovision\/pre-inscripcion\/' class='avia-button av-icon-on-hover avia-icon_select-yes-left-icon avia-color-theme-color avia-size-small avia-position-center '   ><span class='avia_button_icon avia_button_icon_left ' aria-hidden='true' data-av_icon='\ue836' data-av_iconfont='entypo-fontello'><\/span><span class='avia_iconbox_title' >PRE-INSCRIPCION<\/span><\/a><\/div><\/div><div class=\"flex_column av_one_half  no_margin flex_column_table_cell av-equal-height-column av-align-top av-zero-column-padding   \" style='border-radius:0px; '><div class='avia-button-wrap avia-button-center '><a href='https:\/\/novovision.com.ar\/novovision\/cursos-2026\/' class='avia-button av-icon-on-hover avia-icon_select-yes-left-icon avia-color-theme-color avia-size-small avia-position-center '   ><span class='avia_button_icon avia_button_icon_left ' aria-hidden='true' data-av_icon='\ue81e' data-av_iconfont='entypo-fontello'><\/span><span class='avia_iconbox_title' >Mas Informaci\u00f3n<\/span><\/a><\/div><\/div><\/div><!--close column table wrapper. Autoclose:  --><\/p>\n","protected":false},"excerpt":{"rendered":"","protected":false},"author":1,"featured_media":0,"parent":0,"menu_order":0,"comment_status":"closed","ping_status":"closed","template":"","meta":{"footnotes":""},"class_list":["post-2164","page","type-page","status-publish","hentry"],"_links":{"self":[{"href":"https:\/\/novovision.com.ar\/novovision\/wp-json\/wp\/v2\/pages\/2164","targetHints":{"allow":["GET"]}}],"collection":[{"href":"https:\/\/novovision.com.ar\/novovision\/wp-json\/wp\/v2\/pages"}],"about":[{"href":"https:\/\/novovision.com.ar\/novovision\/wp-json\/wp\/v2\/types\/page"}],"author":[{"embeddable":true,"href":"https:\/\/novovision.com.ar\/novovision\/wp-json\/wp\/v2\/users\/1"}],"replies":[{"embeddable":true,"href":"https:\/\/novovision.com.ar\/novovision\/wp-json\/wp\/v2\/comments?post=2164"}],"version-history":[{"count":7,"href":"https:\/\/novovision.com.ar\/novovision\/wp-json\/wp\/v2\/pages\/2164\/revisions"}],"predecessor-version":[{"id":2188,"href":"https:\/\/novovision.com.ar\/novovision\/wp-json\/wp\/v2\/pages\/2164\/revisions\/2188"}],"wp:attachment":[{"href":"https:\/\/novovision.com.ar\/novovision\/wp-json\/wp\/v2\/media?parent=2164"}],"curies":[{"name":"wp","href":"https:\/\/api.w.org\/{rel}","templated":true}]}}