{"id":945,"date":"2016-07-15T14:16:43","date_gmt":"2016-07-15T14:16:43","guid":{"rendered":"http:\/\/test.kriesi.at\/enfold-medical\/?page_id=945"},"modified":"2022-02-11T17:39:39","modified_gmt":"2022-02-11T20:39:39","slug":"news","status":"publish","type":"page","link":"https:\/\/novovision.com.ar\/novovision\/news\/","title":{"rendered":"Novedades"},"content":{"rendered":"<\/div><\/div><\/div><!-- close content main div --><\/div><\/div><div id='av-layout-grid-1' class='av-layout-grid-container entry-content-wrapper main_color av-flex-cells  container_wrap fullsize'   >\n<div class=\"flex_cell no_margin av_one_half   avia-full-stretch av-zero-padding \" style='height:500px; min-height:500px;background-image:url(https:\/\/novovision.com.ar\/novovision\/wp-content\/uploads\/2016\/07\/medical-report-m-845x684.jpg); background-position:top left; background-repeat:no-repeat; background-attachment:scroll; vertical-align:middle; padding:0px; background-color:#22689e; '><div class='flex_cell_inner' ><\/div><\/div><div class=\"flex_cell no_margin av_one_half   \" style='height:500px; min-height:500px;vertical-align:middle; padding:80px; background-color:#22689e; '><div class='flex_cell_inner' ><p><div style='padding-bottom:25px;color:#ffffff;font-size:34px;' class='av-special-heading av-special-heading-h3 custom-color-heading blockquote modern-quote   av-inherit-size'><h3 class='av-special-heading-tag'  itemprop=\"headline\"  >Novedades<\/h3><div class='special-heading-border'><div class='special-heading-inner-border' style='border-color:#ffffff'><\/div><\/div><\/div><br \/>\n<section class=\"av_textblock_section\"  itemscope=\"itemscope\" itemtype=\"https:\/\/schema.org\/CreativeWork\" ><div class='avia_textblock  av_inherit_color'  style='color:#ffffff; '  itemprop=\"text\" ><p>\u00bfQue hay de nuevo?<\/p>\n<p>Si tenemos en cuenta que para la rehabilitaci\u00f3n visual se utilizan, en la mayor\u00eda de los casos, ayudas visuales; gran parte de las esperanzas est\u00e1n depositadas en el desarrollo tecnol\u00f3gico de las mismas.<\/p>\n<p>Si bien existen criterios de selecci\u00f3n seg\u00fan el dispositivo a utilizar, es fundamental que las personas hayan realizado la rehabilitaci\u00f3n visual y est\u00e9n familiarizados con el uso de ayudas visuales.<\/p>\n<p>En este sentido, los avances en investigaci\u00f3n cl\u00ednica para el tratamiento de enfermedades oculares y las nuevas tecnolog\u00edas en desarrollo, son motivo\u00a0 de consulta con oftalmol\u00f3gos especializados en baja visi\u00f3n.\u00a0 La intervenci\u00f3n precoz y la derivaci\u00f3n oportuna permitir\u00e1 que los pacientes no solo expermiten los beneficios de la rehabilitaci\u00f3n visual sino tambi\u00e9n puedan minimizar el impacto que provoca la discapacidad visual en el desarrollo de la vida del individuo y su entorno.<\/p>\n<p>Dra. Veronica\u00a0 Lopez\u00a0 Fernandez<\/p>\n<p>Medica Oftalmologa<\/p>\n<p>Fellow in Low Vision Rehabilitation, Harvard University<\/p>\n<\/div><\/section><\/p>\n<\/div><\/div><\/div><\/div><\/div><\/div><!-- close content main div --><\/div><\/div><div id='av_section_1' class='avia-section main_color avia-section-huge avia-no-border-styling avia-bg-style-scroll  container_wrap fullsize'   ><div class='container' ><div class='template-page content  av-content-full alpha units'><div class='post-entry post-entry-type-page post-entry-945'><div class='entry-content-wrapper clearfix'>\n<div class='flex_column_table av-equal-height-column-flextable' style='margin-top:-200px; margin-bottom:0px; '><div class=\"flex_column av_one_third  no_margin flex_column_table_cell av-equal-height-column av-align-top first  \" style='padding:40px; border-radius:0px; '><\/div><div class=\"flex_column av_one_third  no_margin flex_column_table_cell av-equal-height-column av-align-top   \" style='padding:40px; background-color:#379cd6; border-radius:0px; '><p><span class=\"av_font_icon avia_animate_when_visible av-icon-style-  avia-icon-pos-center \" style=\"color:#ffffff; border-color:#ffffff;\"><span class='av-icon-char' style='font-size:60px;line-height:60px;' aria-hidden='true' data-av_icon='\ue917' data-av_iconfont='entypo-fontello' ><\/span><\/span><br \/>\n<div style='height:20px' class='hr hr-invisible '><span class='hr-inner ' ><span class='hr-inner-style'><\/span><\/span><\/div><br \/>\n<section class=\"av_textblock_section\"  itemscope=\"itemscope\" itemtype=\"https:\/\/schema.org\/CreativeWork\" ><div class='avia_textblock  av_inherit_color'  style='color:#ffffff; '  itemprop=\"text\" ><h4 style=\"text-align: center;\">Blog<\/h4>\n<p style=\"text-align: center;\">Informacion importante para el paciente y su familia<\/p>\n<\/div><\/section><\/p><\/div><div class=\"flex_column av_one_third  no_margin flex_column_table_cell av-equal-height-column av-align-top   \" style='padding:40px; border-radius:0px; '><\/div><\/div><!--close column table wrapper. Autoclose:  --><div  data-autoplay=''  data-interval='5'  data-animation='fade'  data-show_slide_delay='90'  class='avia-content-slider avia-content-grid-active avia-content-slider1 avia-content-slider-odd '  itemscope=\"itemscope\" itemtype=\"https:\/\/schema.org\/Blog\" ><div class='avia-content-slider-inner'><div class='slide-entry-wrap'><article class='slide-entry flex_column  post-entry post-entry-1756 slide-entry-overview slide-loop-1 slide-parity-odd  av_one_third first real-thumbnail'  itemscope=\"itemscope\" itemtype=\"https:\/\/schema.org\/BlogPosting\" itemprop=\"blogPost\" ><a href='https:\/\/novovision.com.ar\/novovision\/2022\/02\/11\/avances-en-la-baja-vision\/' data-rel='slide-1' class='slide-image' title=''><img loading=\"lazy\" decoding=\"async\" width=\"210\" height=\"178\" src=\"https:\/\/novovision.com.ar\/novovision\/wp-content\/uploads\/2022\/02\/Imagen2.jpg\" class=\"attachment-portfolio size-portfolio wp-post-image\" alt=\"\" \/><\/a><div class='slide-content'><header class=\"entry-content-header\"><span class=\"blog-categories minor-meta\"><a href=\"https:\/\/novovision.com.ar\/novovision\/category\/bajavision\/\" rel=\"tag\">Baja visi\u00f3n<\/a> <\/span><h3 class='slide-entry-title entry-title'  itemprop=\"headline\" ><a href='https:\/\/novovision.com.ar\/novovision\/2022\/02\/11\/avances-en-la-baja-vision\/' title='Avances en baja visi\u00f3n'>Avances en baja visi\u00f3n<\/a><\/h3><span class=\"av-vertical-delimiter\"><\/span><\/header><div class='slide-entry-excerpt entry-content'  itemprop=\"text\" >En los \u00faltimos a\u00f1os se ha visto un tremendo crecimiento en la tecnolog\u00eda de adaptaci\u00f3n. En los tel\u00e9fonos m\u00f3viles y en las computadoras personales hay numerosas aplicaciones nuevas que pueden complementar el uso de los dispositivos convencionales\u2026<div class=\"read-more-link\"><a href=\"https:\/\/novovision.com.ar\/novovision\/2022\/02\/11\/avances-en-la-baja-vision\/\" class=\"more-link\">Read more<span class=\"more-link-arrow\"><\/span><\/a><\/div><\/div><\/div><footer class=\"entry-footer\"><div class='slide-meta'><time class='slide-meta-time updated'  itemprop=\"datePublished\" datetime=\"2022-02-11T18:27:17-03:00\" >11 febrero, 2022<\/time><\/div><\/footer><span class='hidden'>\n\t\t\t<span class='av-structured-data'  itemscope=\"itemscope\" itemtype=\"https:\/\/schema.org\/ImageObject\"  itemprop='image'>\n\t\t\t\t\t   <span itemprop='url' >https:\/\/novovision.com.ar\/novovision\/wp-content\/uploads\/2022\/02\/Imagen2.jpg<\/span>\n\t\t\t\t\t   <span itemprop='height' >178<\/span>\n\t\t\t\t\t   <span itemprop='width' >210<\/span>\n\t\t\t\t  <\/span><span class='av-structured-data'  itemprop=\"publisher\" itemtype=\"https:\/\/schema.org\/Organization\" itemscope=\"itemscope\" >\n\t\t\t\t<span itemprop='name'>novovision<\/span>\n\t\t\t\t<span itemprop='logo' itemscope itemtype='http:\/\/schema.org\/ImageObject'>\n\t\t\t\t   <span itemprop='url'>http:\/\/novovision.com.ar\/novovision\/wp-content\/uploads\/2017\/04\/logo-novovision-160606-300x173.jpg<\/span>\n\t\t\t\t <\/span>\n\t\t\t  <\/span><span class='av-structured-data'  itemprop=\"author\" itemscope=\"itemscope\" itemtype=\"https:\/\/schema.org\/Person\" ><span itemprop='name'>novovision<\/span><\/span><span class='av-structured-data'  itemprop=\"datePublished\" datetime=\"2015-02-12T18:49:48-03:00\" >2022-02-11 18:27:17<\/span><span class='av-structured-data'  itemprop=\"dateModified\" itemtype=\"https:\/\/schema.org\/dateModified\" >2022-02-11 19:32:29<\/span><span class='av-structured-data'  itemprop=\"mainEntityOfPage\" itemtype=\"https:\/\/schema.org\/mainEntityOfPage\" ><span itemprop='name'>Avances en baja visi\u00f3n<\/span><\/span><\/span><\/article><article class='slide-entry flex_column  post-entry post-entry-926 slide-entry-overview slide-loop-2 slide-parity-even  av_one_third  real-thumbnail'  itemscope=\"itemscope\" itemtype=\"https:\/\/schema.org\/BlogPosting\" itemprop=\"blogPost\" ><a href='https:\/\/novovision.com.ar\/novovision\/2016\/07\/15\/a-nice-post-2\/' data-rel='slide-1' class='slide-image' title=''><img loading=\"lazy\" decoding=\"async\" width=\"495\" height=\"315\" src=\"https:\/\/novovision.com.ar\/novovision\/wp-content\/uploads\/2016\/07\/bastonverde1-495x315.jpg\" class=\"attachment-portfolio size-portfolio wp-post-image\" alt=\"\" \/><\/a><div class='slide-content'><header class=\"entry-content-header\"><span class=\"blog-categories minor-meta\"><a href=\"https:\/\/novovision.com.ar\/novovision\/category\/bajavision\/\" rel=\"tag\">Baja visi\u00f3n<\/a> <\/span><h3 class='slide-entry-title entry-title'  itemprop=\"headline\" ><a href='https:\/\/novovision.com.ar\/novovision\/2016\/07\/15\/a-nice-post-2\/' title='D\u00eda del Bast\u00f3n  Verde'>D\u00eda del Bast\u00f3n  Verde<\/a><\/h3><span class=\"av-vertical-delimiter\"><\/span><\/header><div class='slide-entry-excerpt entry-content'  itemprop=\"text\" >Ley 25.682\r\n26 de Septiembre\r\n&nbsp;\r\n\r\nEl Servicio de Baja Visi\u00f3n de Hospital Oftalmol\u00f3gico Santa Luc\u00eda\u00a0organiza la actividad de difusi\u00f3n del uso del bast\u00f3n verde para personas con Baja Visi\u00f3n.\r\n\r\nLa misma tiene como objeto dar a conocer\u2026<div class=\"read-more-link\"><a href=\"https:\/\/novovision.com.ar\/novovision\/2016\/07\/15\/a-nice-post-2\/\" class=\"more-link\">Read more<span class=\"more-link-arrow\"><\/span><\/a><\/div><\/div><\/div><footer class=\"entry-footer\"><div class='slide-meta'><time class='slide-meta-time updated'  itemprop=\"datePublished\" datetime=\"2016-07-15T13:46:12-03:00\" >15 julio, 2016<\/time><\/div><\/footer><span class='hidden'>\n\t\t\t<span class='av-structured-data'  itemscope=\"itemscope\" itemtype=\"https:\/\/schema.org\/ImageObject\"  itemprop='image'>\n\t\t\t\t\t   <span itemprop='url' >https:\/\/novovision.com.ar\/novovision\/wp-content\/uploads\/2016\/07\/bastonverde1.jpg<\/span>\n\t\t\t\t\t   <span itemprop='height' >315<\/span>\n\t\t\t\t\t   <span itemprop='width' >600<\/span>\n\t\t\t\t  <\/span><span class='av-structured-data'  itemprop=\"publisher\" itemtype=\"https:\/\/schema.org\/Organization\" itemscope=\"itemscope\" >\n\t\t\t\t<span itemprop='name'>novovision<\/span>\n\t\t\t\t<span itemprop='logo' itemscope itemtype='http:\/\/schema.org\/ImageObject'>\n\t\t\t\t   <span itemprop='url'>http:\/\/novovision.com.ar\/novovision\/wp-content\/uploads\/2017\/04\/logo-novovision-160606-300x173.jpg<\/span>\n\t\t\t\t <\/span>\n\t\t\t  <\/span><span class='av-structured-data'  itemprop=\"author\" itemscope=\"itemscope\" itemtype=\"https:\/\/schema.org\/Person\" ><span itemprop='name'>novovision<\/span><\/span><span class='av-structured-data'  itemprop=\"datePublished\" datetime=\"2015-02-12T18:49:48-03:00\" >2016-07-15 13:46:12<\/span><span class='av-structured-data'  itemprop=\"dateModified\" itemtype=\"https:\/\/schema.org\/dateModified\" >2022-02-11 13:06:27<\/span><span class='av-structured-data'  itemprop=\"mainEntityOfPage\" itemtype=\"https:\/\/schema.org\/mainEntityOfPage\" ><span itemprop='name'>D\u00eda del Bast\u00f3n  Verde<\/span><\/span><\/span><\/article><article class='slide-entry flex_column  post-entry post-entry-157 slide-entry-overview slide-loop-3 slide-parity-odd  post-entry-last  av_one_third  real-thumbnail'  itemscope=\"itemscope\" itemtype=\"https:\/\/schema.org\/BlogPosting\" itemprop=\"blogPost\" ><a href='https:\/\/novovision.com.ar\/novovision\/2015\/02\/12\/entry-without-preview-image\/' data-rel='slide-1' class='slide-image' title=''><img loading=\"lazy\" decoding=\"async\" width=\"384\" height=\"378\" src=\"https:\/\/novovision.com.ar\/novovision\/wp-content\/uploads\/2015\/02\/diamundialdelavision1.jpg\" class=\"attachment-portfolio size-portfolio wp-post-image\" alt=\"\" srcset=\"https:\/\/novovision.com.ar\/novovision\/wp-content\/uploads\/2015\/02\/diamundialdelavision1.jpg 384w, https:\/\/novovision.com.ar\/novovision\/wp-content\/uploads\/2015\/02\/diamundialdelavision1-80x80.jpg 80w, https:\/\/novovision.com.ar\/novovision\/wp-content\/uploads\/2015\/02\/diamundialdelavision1-300x295.jpg 300w, https:\/\/novovision.com.ar\/novovision\/wp-content\/uploads\/2015\/02\/diamundialdelavision1-36x36.jpg 36w\" sizes=\"auto, (max-width: 384px) 100vw, 384px\" \/><\/a><div class='slide-content'><header class=\"entry-content-header\"><span class=\"blog-categories minor-meta\"><a href=\"https:\/\/novovision.com.ar\/novovision\/category\/bajavision\/\" rel=\"tag\">Baja visi\u00f3n<\/a> <\/span><h3 class='slide-entry-title entry-title'  itemprop=\"headline\" ><a href='https:\/\/novovision.com.ar\/novovision\/2015\/02\/12\/entry-without-preview-image\/' title='DIA MUNDIAL DE LA VISION'>DIA MUNDIAL DE LA VISION<\/a><\/h3><span class=\"av-vertical-delimiter\"><\/span><\/header><div class='slide-entry-excerpt entry-content'  itemprop=\"text\" >El segundo jueves de Octubre se celebra el D\u00eda Mundial de la Visi\u00f3n con el objeto de centrar la atenci\u00f3n en la prevenci\u00f3n de la\u00a0 ceguera y la\u00a0 discapacidad visual. Tambi\u00e9n, es el principal evento de promoci\u00f3n de \u201cVisi\u00f3n 20\/20: El\u2026<div class=\"read-more-link\"><a href=\"https:\/\/novovision.com.ar\/novovision\/2015\/02\/12\/entry-without-preview-image\/\" class=\"more-link\">Read more<span class=\"more-link-arrow\"><\/span><\/a><\/div><\/div><\/div><footer class=\"entry-footer\"><div class='slide-meta'><time class='slide-meta-time updated'  itemprop=\"datePublished\" datetime=\"2015-02-12T18:49:48-03:00\" >12 febrero, 2015<\/time><\/div><\/footer><span class='hidden'>\n\t\t\t<span class='av-structured-data'  itemscope=\"itemscope\" itemtype=\"https:\/\/schema.org\/ImageObject\"  itemprop='image'>\n\t\t\t\t\t   <span itemprop='url' >https:\/\/novovision.com.ar\/novovision\/wp-content\/uploads\/2015\/02\/diamundialdelavision1.jpg<\/span>\n\t\t\t\t\t   <span itemprop='height' >378<\/span>\n\t\t\t\t\t   <span itemprop='width' >384<\/span>\n\t\t\t\t  <\/span><span class='av-structured-data'  itemprop=\"publisher\" itemtype=\"https:\/\/schema.org\/Organization\" itemscope=\"itemscope\" >\n\t\t\t\t<span itemprop='name'>novovision<\/span>\n\t\t\t\t<span itemprop='logo' itemscope itemtype='http:\/\/schema.org\/ImageObject'>\n\t\t\t\t   <span itemprop='url'>http:\/\/novovision.com.ar\/novovision\/wp-content\/uploads\/2017\/04\/logo-novovision-160606-300x173.jpg<\/span>\n\t\t\t\t <\/span>\n\t\t\t  <\/span><span class='av-structured-data'  itemprop=\"author\" itemscope=\"itemscope\" itemtype=\"https:\/\/schema.org\/Person\" ><span itemprop='name'>novovision<\/span><\/span><span class='av-structured-data'  itemprop=\"datePublished\" datetime=\"2015-02-12T18:49:48-03:00\" >2015-02-12 18:49:48<\/span><span class='av-structured-data'  itemprop=\"dateModified\" itemtype=\"https:\/\/schema.org\/dateModified\" >2021-04-09 09:53:45<\/span><span class='av-structured-data'  itemprop=\"mainEntityOfPage\" itemtype=\"https:\/\/schema.org\/mainEntityOfPage\" ><span itemprop='name'>DIA MUNDIAL DE LA VISION<\/span><\/span><\/span><\/article><\/div><\/div><\/div>\n<\/p>\n","protected":false},"excerpt":{"rendered":"","protected":false},"author":1,"featured_media":0,"parent":0,"menu_order":0,"comment_status":"closed","ping_status":"closed","template":"","meta":{"footnotes":""},"class_list":["post-945","page","type-page","status-publish","hentry"],"_links":{"self":[{"href":"https:\/\/novovision.com.ar\/novovision\/wp-json\/wp\/v2\/pages\/945","targetHints":{"allow":["GET"]}}],"collection":[{"href":"https:\/\/novovision.com.ar\/novovision\/wp-json\/wp\/v2\/pages"}],"about":[{"href":"https:\/\/novovision.com.ar\/novovision\/wp-json\/wp\/v2\/types\/page"}],"author":[{"embeddable":true,"href":"https:\/\/novovision.com.ar\/novovision\/wp-json\/wp\/v2\/users\/1"}],"replies":[{"embeddable":true,"href":"https:\/\/novovision.com.ar\/novovision\/wp-json\/wp\/v2\/comments?post=945"}],"version-history":[{"count":9,"href":"https:\/\/novovision.com.ar\/novovision\/wp-json\/wp\/v2\/pages\/945\/revisions"}],"predecessor-version":[{"id":1755,"href":"https:\/\/novovision.com.ar\/novovision\/wp-json\/wp\/v2\/pages\/945\/revisions\/1755"}],"wp:attachment":[{"href":"https:\/\/novovision.com.ar\/novovision\/wp-json\/wp\/v2\/media?parent=945"}],"curies":[{"name":"wp","href":"https:\/\/api.w.org\/{rel}","templated":true}]}}